{"id":53,"date":"2023-10-17T08:56:54","date_gmt":"2023-10-17T08:56:54","guid":{"rendered":"https:\/\/supremecarrent.com\/?page_id=53"},"modified":"2025-10-03T16:16:28","modified_gmt":"2025-10-03T13:16:28","slug":"about-us","status":"publish","type":"page","link":"https:\/\/supremecarrent.com\/lv\/about-us\/","title":{"rendered":"Par mums"},"content":{"rendered":"<div data-elementor-type=\"wp-page\" data-elementor-id=\"53\" class=\"elementor elementor-53\" data-elementor-post-type=\"page\">\n\t\t\t\t<div class=\"elementor-element elementor-element-338f2a4 e-flex e-con-boxed e-con e-parent\" data-id=\"338f2a4\" data-element_type=\"container\" data-settings=\"{&quot;background_background&quot;:&quot;classic&quot;}\">\n\t\t\t\t\t<div class=\"e-con-inner\">\n\t\t<div class=\"elementor-element elementor-element-fa315ae e-con-full e-flex e-con e-child\" data-id=\"fa315ae\" data-element_type=\"container\">\n\t\t\t\t<div class=\"elementor-element elementor-element-c158802 elementor-widget elementor-widget-text-editor\" data-id=\"c158802\" data-element_type=\"widget\" data-widget_type=\"text-editor.default\">\n\t\t\t\t\t\t\t\t\t<p><img decoding=\"async\" class=\"size-full wp-image-16844 aligncenter\" src=\"https:\/\/supremecarrent.com\/wp-content\/uploads\/2025\/02\/Supreme-Car-Rent-logo-horizontal.png\" alt=\"Supreme Car Rent\" width=\"300\" height=\"94\" title=\"\" srcset=\"https:\/\/supremecarrent.com\/wp-content\/uploads\/2025\/02\/Supreme-Car-Rent-logo-horizontal.png 300w, https:\/\/supremecarrent.com\/wp-content\/uploads\/2025\/02\/Supreme-Car-Rent-logo-horizontal-18x6.png 18w\" sizes=\"(max-width: 300px) 100vw, 300px\" \/><\/p><p>\u00a0<\/p><p><strong>SUPREME Car Rent<\/strong> SUPREME Car Rent ir uzticams z\u012bmols ar 20 gadu pieredzi augst\u0101k\u0101s kvalit\u0101tes auto nomas pakalpojumu snieg\u0161an\u0101. M\u016bsu pieeja ir draudz\u012bga un personaliz\u0113ta, pied\u0101v\u0101jot konkur\u0113tsp\u0113j\u012bgas cenas, jaunus transportl\u012bdzek\u013cus un, pats galvenais, bez sl\u0113pt\u0101m maks\u0101m vai maldino\u0161as m\u0101rketinga taktikas.<br \/>M\u0113s vienm\u0113r cen\u0161amies nodro\u0161in\u0101t vislab\u0101kos iesp\u0113jamos apst\u0101k\u013cus saviem klientiem un esam elast\u012bgi, lai apmierin\u0101tu vi\u0146u vajadz\u012bbas \u2013 piem\u0113ram, ja nepiecie\u0161ama automa\u0161\u012bnas pieg\u0101de, m\u0113s to par\u016bp\u0113simies! SUPREME Car Rent komanda ir pieejama visu diennakti, nodro\u0161inot, ka m\u0113s vienm\u0113r esam \u0161eit savu klientu lab\u0101.<\/p>\t\t\t\t\t\t\t\t<\/div>\n\t\t\t\t<\/div>\n\t\t<div class=\"elementor-element elementor-element-7d6c904 e-con-full e-flex e-con e-child\" data-id=\"7d6c904\" data-element_type=\"container\">\n\t\t\t\t<div class=\"elementor-element elementor-element-bfe7ec6 elementor-widget elementor-widget-remons_elementor_heading\" data-id=\"bfe7ec6\" data-element_type=\"widget\" data-widget_type=\"remons_elementor_heading.default\">\n\t\t\t\t<div class=\"elementor-widget-container\">\n\t\t\t\t\t\n\t\t<div class=\"ova-heading\">\n            \n            <div class=\"top-heading\">\n\n            \t\t\t\t\t\t<div class=\"sub-title-wrapper top\">\n\t\t\t\t\t\t\t\t\t\t\t\t\t\t\t\t\t\t\t<img decoding=\"async\" class=\"sub_pre\" src=\"https:\/\/supremecarrent.com\/wp-content\/smush-webp\/2025\/02\/cropped-Supreme-favicon.png.webp\" alt=\"Kas m\u0113s esam \u2013 Supreme Auto Noma\" title=\"\" data-smush-webp-fallback=\"{&quot;src&quot;:&quot;https:\\\/\\\/supremecarrent.com\\\/wp-content\\\/uploads\\\/2025\\\/02\\\/cropped-Supreme-favicon.png&quot;}\">\n\t\t\t\t\t\t\t\t\t\t\t\t\t\t\t\t\t\t\t<p class=\"sub-title\">Par mums<\/p>\n\t\t\t\t\t\t\t\t\t\t\t<\/div>\n\t\t\t\t\n\t\t\t\t\n\t\t\t\t\t<div class=\"title-wrapper\" style=\"position: relative;\">\n\t\t\t\t\t\t\n\t\t\t\t\t\t\t<h1 class=\"title\">Kas m\u0113s esam \u2013 Supreme Auto Noma<\/h1>\n\n\t\t\t\t\t\t\n\t\t\t\t\t\t\t\t\t\t\t<\/div>\n\n\t\t\t\t\n            <\/div>\n\n\t\t\t\n\t\t<\/div>\n\t\t \t\n\t\t\t\t\t\t<\/div>\n\t\t\t\t<\/div>\n\t\t<div class=\"elementor-element elementor-element-a0442d8 e-con-full e-flex e-con e-child\" data-id=\"a0442d8\" data-element_type=\"container\">\n\t\t<div class=\"elementor-element elementor-element-aaea7ea e-con-full e-flex e-con e-child\" data-id=\"aaea7ea\" data-element_type=\"container\">\n\t\t\t\t<div class=\"elementor-element elementor-element-6fed759 elementor-icon-list--layout-traditional elementor-list-item-link-full_width elementor-widget elementor-widget-icon-list\" data-id=\"6fed759\" data-element_type=\"widget\" data-widget_type=\"icon-list.default\">\n\t\t\t\t\t\t\t<ul class=\"elementor-icon-list-items\">\n\t\t\t\t\t\t\t<li class=\"elementor-icon-list-item\">\n\t\t\t\t\t\t\t\t\t\t\t<span class=\"elementor-icon-list-icon\">\n\t\t\t\t\t\t\t<i aria-hidden=\"true\" class=\"flaticon2 flaticon2-right-arrow\"><\/i>\t\t\t\t\t\t<\/span>\n\t\t\t\t\t\t\t\t\t\t<span class=\"elementor-icon-list-text\">Pla\u0161s transportl\u012bdzek\u013cu kl\u0101sts<\/span>\n\t\t\t\t\t\t\t\t\t<\/li>\n\t\t\t\t\t\t\t\t<li class=\"elementor-icon-list-item\">\n\t\t\t\t\t\t\t\t\t\t\t<span class=\"elementor-icon-list-icon\">\n\t\t\t\t\t\t\t<i aria-hidden=\"true\" class=\"flaticon2 flaticon2-right-arrow\"><\/i>\t\t\t\t\t\t<\/span>\n\t\t\t\t\t\t\t\t\t\t<span class=\"elementor-icon-list-text\">P\u0101rredzama cenu noteik\u0161ana<\/span>\n\t\t\t\t\t\t\t\t\t<\/li>\n\t\t\t\t\t\t\t\t<li class=\"elementor-icon-list-item\">\n\t\t\t\t\t\t\t\t\t\t\t<span class=\"elementor-icon-list-icon\">\n\t\t\t\t\t\t\t<i aria-hidden=\"true\" class=\"flaticon2 flaticon2-right-arrow\"><\/i>\t\t\t\t\t\t<\/span>\n\t\t\t\t\t\t\t\t\t\t<span class=\"elementor-icon-list-text\">\u0100tra un vienk\u0101r\u0161a rezerve\u0161ana<\/span>\n\t\t\t\t\t\t\t\t\t<\/li>\n\t\t\t\t\t\t\t\t<li class=\"elementor-icon-list-item\">\n\t\t\t\t\t\t\t\t\t\t\t<span class=\"elementor-icon-list-icon\">\n\t\t\t\t\t\t\t<i aria-hidden=\"true\" class=\"flaticon2 flaticon2-right-arrow\"><\/i>\t\t\t\t\t\t<\/span>\n\t\t\t\t\t\t\t\t\t\t<span class=\"elementor-icon-list-text\">Elast\u012bgi nosac\u012bjumi<\/span>\n\t\t\t\t\t\t\t\t\t<\/li>\n\t\t\t\t\t\t<\/ul>\n\t\t\t\t\t\t<\/div>\n\t\t\t\t<div class=\"elementor-element elementor-element-2b636fa elementor-hidden-desktop elementor-hidden-tablet elementor-hidden-mobile elementor-widget elementor-widget-button\" data-id=\"2b636fa\" data-element_type=\"widget\" data-widget_type=\"button.default\">\n\t\t\t\t\t\t\t\t\t\t<a class=\"elementor-button elementor-button-link elementor-size-sm\" href=\"#\">\n\t\t\t\t\t\t<span class=\"elementor-button-content-wrapper\">\n\t\t\t\t\t\t\t\t\t<span class=\"elementor-button-text\">Atkl\u0101jiet vair\u0101k<\/span>\n\t\t\t\t\t<\/span>\n\t\t\t\t\t<\/a>\n\t\t\t\t\t\t\t\t<\/div>\n\t\t\t\t<\/div>\n\t\t\t\t<\/div>\n\t\t\t\t<\/div>\n\t\t\t\t\t<\/div>\n\t\t\t\t<\/div>\n\t\t<div class=\"elementor-element elementor-element-c81f03e e-flex e-con-boxed e-con e-parent\" data-id=\"c81f03e\" data-element_type=\"container\" data-settings=\"{&quot;background_background&quot;:&quot;classic&quot;}\">\n\t\t\t\t\t<div class=\"e-con-inner\">\n\t\t<div class=\"elementor-element elementor-element-bd84ba0 e-con-full e-flex e-con e-child\" data-id=\"bd84ba0\" data-element_type=\"container\">\n\t\t\t\t<div class=\"elementor-element elementor-element-e6f2872 elementor-widget elementor-widget-remons_elementor_heading\" data-id=\"e6f2872\" data-element_type=\"widget\" data-widget_type=\"remons_elementor_heading.default\">\n\t\t\t\t<div class=\"elementor-widget-container\">\n\t\t\t\t\t\n\t\t<div class=\"ova-heading\">\n            \n            <div class=\"top-heading\">\n\n            \t\t\t\t\t\t<div class=\"sub-title-wrapper top\">\n\t\t\t\t\t\t\t\t\t\t\t\t\t\t\t\t\t\t\t<img decoding=\"async\" class=\"sub_pre\" src=\"https:\/\/supremecarrent.com\/wp-content\/smush-webp\/2025\/02\/cropped-Supreme-favicon.png.webp\" alt=\"V\u0113rt\u012bbas\" title=\"\" data-smush-webp-fallback=\"{&quot;src&quot;:&quot;https:\\\/\\\/supremecarrent.com\\\/wp-content\\\/uploads\\\/2025\\\/02\\\/cropped-Supreme-favicon.png&quot;}\">\n\t\t\t\t\t\t\t\t\t\t\t\t\t\t\t\t\t<\/div>\n\t\t\t\t\n\t\t\t\t\n\t\t\t\t\t<div class=\"title-wrapper\" style=\"position: relative;\">\n\t\t\t\t\t\t\n\t\t\t\t\t\t\t<h2 class=\"title\">V\u0113rt\u012bbas<\/h2>\n\n\t\t\t\t\t\t\n\t\t\t\t\t\t\t\t\t\t\t<\/div>\n\n\t\t\t\t\n            <\/div>\n\n\t\t\t\n\t\t<\/div>\n\t\t \t\n\t\t\t\t\t\t<\/div>\n\t\t\t\t<\/div>\n\t\t\t\t<div class=\"elementor-element elementor-element-4cabd6b elementor-widget elementor-widget-text-editor\" data-id=\"4cabd6b\" data-element_type=\"widget\" data-widget_type=\"text-editor.default\">\n\t\t\t\t\t\t\t\t\t<p>M\u016bsu galven\u0101 priorit\u0101te vienm\u0113r ir m\u016bsu klienti - vi\u0146u laiks, dro\u0161\u012bba un komforts. M\u016bsu automobi\u013cu sav\u0101k\u0161anas un atgrie\u0161anas process ir paredz\u0113ts tiem, kas nev\u0113las gaid\u012bt vai kav\u0113ties. M\u0113s nodro\u0161in\u0101m, ka katrs m\u016bsu autoparka automobilis tiek uztur\u0113ts atbilsto\u0161i visaugst\u0101kajiem dro\u0161\u012bbas standartiem, un regul\u0101ru apkopi veic kvalific\u0113ti speci\u0101listi.<br \/>Papildu \u0113rt\u012bb\u0101m ir pieejams \u012bpa\u0161s mened\u017eeris, kas vienm\u0113r var pal\u012bdz\u0113t ar visiem jaut\u0101jumiem, kas saist\u012bti ar j\u016bsu \u012bri. Vi\u0146u galvenais uzdevums ir inform\u0113t klientus, pal\u012bdz\u0113t risin\u0101t jebk\u0101dus jaut\u0101jumus un, ja nepiecie\u0161ams, piel\u0101got nomas noteikumus. Pat p\u0113c tam, kad transportl\u012bdzeklis ir atdots, klienti joproj\u0101m var sazin\u0101ties ar mened\u017eeri, kur\u0161 vi\u0146iem pal\u012bdz\u0113ja.<br \/>M\u016bsu komandas pan\u0101kumu pamat\u0101, sniedzot augstas kvalit\u0101tes pakalpojumus, ir m\u016bsu komanda. M\u0113s algojam tikai pieredz\u0113ju\u0161us profesion\u0101\u013cus ar nevainojam\u0101m atsauksm\u0113m. SUPREME Car Rent darbinieki ir \u013coti zino\u0161i, un vi\u0146u zin\u0101\u0161anas ir noz\u012bm\u012bgs uz\u0146\u0113muma ieguvums.<\/p>\t\t\t\t\t\t\t\t<\/div>\n\t\t\t\t<\/div>\n\t\t<div class=\"elementor-element elementor-element-c64f6f7 e-con-full e-flex e-con e-child\" data-id=\"c64f6f7\" data-element_type=\"container\">\n\t\t\t\t<div class=\"elementor-element elementor-element-1e794ad elementor-widget elementor-widget-remons_elementor_heading\" data-id=\"1e794ad\" data-element_type=\"widget\" data-widget_type=\"remons_elementor_heading.default\">\n\t\t\t\t<div class=\"elementor-widget-container\">\n\t\t\t\t\t\n\t\t<div class=\"ova-heading\">\n            \n            <div class=\"top-heading\">\n\n            \t\t\t\t\t\t<div class=\"sub-title-wrapper top\">\n\t\t\t\t\t\t\t\t\t\t\t\t\t\t\t\t\t\t\t<img decoding=\"async\" class=\"sub_pre\" src=\"https:\/\/supremecarrent.com\/wp-content\/smush-webp\/2025\/02\/cropped-Supreme-favicon.png.webp\" alt=\"Kvalit\u0101te un cena\" title=\"\" data-smush-webp-fallback=\"{&quot;src&quot;:&quot;https:\\\/\\\/supremecarrent.com\\\/wp-content\\\/uploads\\\/2025\\\/02\\\/cropped-Supreme-favicon.png&quot;}\">\n\t\t\t\t\t\t\t\t\t\t\t\t\t\t\t\t\t<\/div>\n\t\t\t\t\n\t\t\t\t\n\t\t\t\t\t<div class=\"title-wrapper\" style=\"position: relative;\">\n\t\t\t\t\t\t\n\t\t\t\t\t\t\t<h2 class=\"title\">Kvalit\u0101te un cena<\/h2>\n\n\t\t\t\t\t\t\n\t\t\t\t\t\t\t\t\t\t\t<\/div>\n\n\t\t\t\t\n            <\/div>\n\n\t\t\t\n\t\t<\/div>\n\t\t \t\n\t\t\t\t\t\t<\/div>\n\t\t\t\t<\/div>\n\t\t\t\t<div class=\"elementor-element elementor-element-e653d10 elementor-widget elementor-widget-text-editor\" data-id=\"e653d10\" data-element_type=\"widget\" data-widget_type=\"text-editor.default\">\n\t\t\t\t\t\t\t\t\t<p>M\u016bsu cenu politika ir balst\u012bta uz l\u012bdz\u012bgu pakalpojumu vid\u0113j\u0101m izmaks\u0101m viet\u0113j\u0101 tirg\u016b. M\u016bsu pakalpojumu kvalit\u0101te atbilst vado\u0161o konkurentu kvalit\u0101tei. M\u016bsu m\u0113r\u0137is ir nodro\u0161in\u0101t klientiem vislab\u0101ko cenas un kvalit\u0101tes l\u012bdzsvaru.<\/p>\t\t\t\t\t\t\t\t<\/div>\n\t\t\t\t<div class=\"elementor-element elementor-element-719eda3 elementor-widget elementor-widget-remons_elementor_heading\" data-id=\"719eda3\" data-element_type=\"widget\" data-widget_type=\"remons_elementor_heading.default\">\n\t\t\t\t<div class=\"elementor-widget-container\">\n\t\t\t\t\t\n\t\t<div class=\"ova-heading\">\n            \n            <div class=\"top-heading\">\n\n            \t\t\t\t\t\t<div class=\"sub-title-wrapper top\">\n\t\t\t\t\t\t\t\t\t\t\t\t\t\t\t\t\t\t\t<img decoding=\"async\" class=\"sub_pre\" src=\"https:\/\/supremecarrent.com\/wp-content\/smush-webp\/2025\/02\/cropped-Supreme-favicon.png.webp\" alt=\"Uz\u0146\u0113muma inform\u0101cija\" title=\"\" data-smush-webp-fallback=\"{&quot;src&quot;:&quot;https:\\\/\\\/supremecarrent.com\\\/wp-content\\\/uploads\\\/2025\\\/02\\\/cropped-Supreme-favicon.png&quot;}\">\n\t\t\t\t\t\t\t\t\t\t\t\t\t\t\t\t\t<\/div>\n\t\t\t\t\n\t\t\t\t\n\t\t\t\t\t<div class=\"title-wrapper\" style=\"position: relative;\">\n\t\t\t\t\t\t\n\t\t\t\t\t\t\t<h2 class=\"title\">Uz\u0146\u0113muma inform\u0101cija<\/h2>\n\n\t\t\t\t\t\t\n\t\t\t\t\t\t\t\t\t\t\t<\/div>\n\n\t\t\t\t\n            <\/div>\n\n\t\t\t\n\t\t<\/div>\n\t\t \t\n\t\t\t\t\t\t<\/div>\n\t\t\t\t<\/div>\n\t\t\t\t<div class=\"elementor-element elementor-element-47ff7b3 elementor-widget elementor-widget-text-editor\" data-id=\"47ff7b3\" data-element_type=\"widget\" data-widget_type=\"text-editor.default\">\n\t\t\t\t\t\t\t\t\t<p>Uz\u0146\u0113muma nosaukums \"Prime CARS\" SIA<br \/>Re\u0123istr\u0101cijas numurs: 40103556331<br \/>Biroja adrese: Jurkalnes iela 15, Riga, Latvia, LV-1046, Ieeja 2, 3 st\u0101vs, Birojs 310<\/p>\t\t\t\t\t\t\t\t<\/div>\n\t\t\t\t<\/div>\n\t\t\t\t\t<\/div>\n\t\t\t\t<\/div>\n\t\t\t\t<\/div>","protected":false},"excerpt":{"rendered":"<p>\u00a0 SUPREME Car Rent ir uzticams z\u012bmols ar 20 gadu pieredzi augst\u0101k\u0101s kvalit\u0101tes auto nomas pakalpojumu snieg\u0161an\u0101. M\u016bsu pieeja ir draudz\u012bga un personaliz\u0113ta, pied\u0101v\u0101jot konkur\u0113tsp\u0113j\u012bgas cenas, jaunus transportl\u012bdzek\u013cus un, pats galvenais, bez sl\u0113pt\u0101m maks\u0101m vai maldino\u0161as m\u0101rketinga taktikas. SUPREME Car Rent komanda r\u016bp\u0113jas par klientu apmierin\u0101t\u012bbu, par priorit\u0101ti izvirzot komfortu un augstas kvalit\u0101tes pakalpojumus. [...]<\/p>","protected":false},"author":1,"featured_media":0,"parent":0,"menu_order":0,"comment_status":"closed","ping_status":"closed","template":"elementor_header_footer","meta":{"footnotes":""},"class_list":["post-53","page","type-page","status-publish","hentry"],"_links":{"self":[{"href":"https:\/\/supremecarrent.com\/lv\/wp-json\/wp\/v2\/pages\/53","targetHints":{"allow":["GET"]}}],"collection":[{"href":"https:\/\/supremecarrent.com\/lv\/wp-json\/wp\/v2\/pages"}],"about":[{"href":"https:\/\/supremecarrent.com\/lv\/wp-json\/wp\/v2\/types\/page"}],"author":[{"embeddable":true,"href":"https:\/\/supremecarrent.com\/lv\/wp-json\/wp\/v2\/users\/1"}],"replies":[{"embeddable":true,"href":"https:\/\/supremecarrent.com\/lv\/wp-json\/wp\/v2\/comments?post=53"}],"version-history":[{"count":5,"href":"https:\/\/supremecarrent.com\/lv\/wp-json\/wp\/v2\/pages\/53\/revisions"}],"predecessor-version":[{"id":27296,"href":"https:\/\/supremecarrent.com\/lv\/wp-json\/wp\/v2\/pages\/53\/revisions\/27296"}],"wp:attachment":[{"href":"https:\/\/supremecarrent.com\/lv\/wp-json\/wp\/v2\/media?parent=53"}],"curies":[{"name":"wp","href":"https:\/\/api.w.org\/{rel}","templated":true}]}}