{"id":3,"date":"2025-02-12T14:00:25","date_gmt":"2025-02-12T14:00:25","guid":{"rendered":"http:\/\/supremecarrent.com\/?page_id=3"},"modified":"2025-10-03T15:10:25","modified_gmt":"2025-10-03T12:10:25","slug":"privacy-policy","status":"publish","type":"page","link":"https:\/\/supremecarrent.com\/lv\/privacy-policy\/","title":{"rendered":"Konfidencialit\u0101tes politika"},"content":{"rendered":"<p>\u0160\u012b priv\u0101tuma politika (\"Priv\u0101tuma politika\") ir paredz\u0113ta, lai pal\u012bdz\u0113tu jums saprast, k\u0101du inform\u0101ciju m\u0113s apkopojam, kad j\u016bs apmekl\u0113jat \u0161o T\u012bmek\u013ca vietni, veicat automa\u0161\u012bnu rezerv\u0101cijas un parakstat l\u012bgumus neatkar\u012bgi no t\u0101, vai esat re\u0123istr\u0113ts lietot\u0101js, un aprakst\u012bt, k\u0101 m\u0113s \u0161o inform\u0101ciju izmantojam.<br><br>\u0160ajos dokumentos ir sniegta svar\u012bga inform\u0101cija par:<\/p><h2 class=\"wp-block-heading\">PIE\u0145EM\u0160ANA<\/h2><p>Apmekl\u0113jot T\u012bmek\u013ca vietni, izmantojot t\u0101s pakalpojumus vai cit\u0101di mijiedarbojoties ar mums, m\u016bsu Tirdzniec\u012bbas viet\u0101m un\/vai T\u012bmek\u013ca vietn\u0113m, j\u016bs apliecin\u0101t, ka esat izlas\u012bjis un sapratis \u0161o Konfidencialit\u0101tes politiku, un piekr\u012btat, ka m\u0113s varam v\u0101kt, izmantot, uzglab\u0101t, p\u0101rs\u016bt\u012bt un izpaust personas datus, ko m\u0113s v\u0101cam, izmantojot T\u012bmek\u013ca vietnes un\/vai Tirdzniec\u012bbas vietas, saska\u0146\u0101 ar \u0161o Konfidencialit\u0101tes politiku.<\/p><h2 class=\"wp-block-heading\">PERSONAS DATU APSTR\u0100DE<\/h2><p>\u0160aj\u0101 Priv\u0101tuma politik\u0101 lietojot terminu \"Personas dati\", m\u0113s ar to saprotam jebk\u0101du inform\u0101ciju, kas \u013cauj mums tie\u0161i vai netie\u0161i identific\u0113t j\u016bs (vai tre\u0161o personu, kuras personas datus j\u016bs mums sniedzat), tostarp jebk\u0101du inform\u0101ciju, kas saist\u012bta ar pre\u010du vai pakalpojumu ieg\u0101di, vai ar\u012b inform\u0101ciju, kuru j\u016bs esat izv\u0113l\u0113jies mums pazi\u0146ot vai ar kuru j\u016bs dal\u0101ties ar mums vai tre\u0161\u0101m person\u0101m, izmantojot T\u012bmek\u013ca vietni vai Tirdzniec\u012bbas viet\u0101s. M\u0113s apstr\u0101d\u0101sim personas datus saska\u0146\u0101 ar Visp\u0101r\u012bgo datu aizsardz\u012bbas regulu (ES) 2016\/679 \"Reg.(ES) 2016\/679\" un t\u0101s valsts ties\u012bbu aktiem, kur\u0101 dati ir j\u0101v\u0101c, ja piem\u0113rojami. M\u0113s paturam ties\u012bbas veikt papildu apstr\u0101di, ja to pieprasa ties\u012bbu akti vai krimin\u0101lizmekl\u0113\u0161anas vai citas izmekl\u0113\u0161anas vai tiesved\u012bbas ietvaros. Sabiedr\u012bba nep\u0101rdos, neieg\u0101d\u0101sies, nenodro\u0161in\u0101s, nenodos, nenodos apmai\u0146\u0101 vai jebk\u0101d\u0101 cit\u0101 veid\u0101 neizpaud\u012bs Konta vai Dar\u012bjumu datus vai personisko inform\u0101ciju par Kartes tur\u0113t\u0101ju vai Kartes tur\u0113t\u0101ju nevienam citam, iz\u0146emot t\u0101s Acquirer, Visa\/MasterCard korpor\u0101cijas vai atbildot uz pamatotiem vald\u012bbas piepras\u012bjumiem.<\/p><h2 class=\"wp-block-heading\">M\u016aSU V\u0100KTIE PERSONAS DATI<\/h2><p><strong>Datu avots<\/strong><\/p><p>M\u0113s v\u0101cam j\u016bsu personas datus tikai tad, ja j\u016bs br\u012bvpr\u0101t\u012bgi sniedzat mums \u0161\u0101du inform\u0101ciju, piem\u0113ram:<\/p><p>Kad izv\u0113laties pieteikties automa\u0161\u012bnas rezerv\u0101cijai un nosl\u0113gt automa\u0161\u012bnas nomas l\u012bgumu, j\u016bs sniedzat inform\u0101ciju mutiski un rakstiski. \u0160\u012b inform\u0101cija var b\u016bt personas dati un sensit\u012bvi personas dati saska\u0146\u0101 ar Personas datu aizsardz\u012bbas likumu un Visp\u0101r\u012bgo datu aizsardz\u012bbas regulu. Automa\u0161\u012bnas nomas l\u012bgum\u0101 tiks reglament\u0113ti nosac\u012bjumi attiec\u012bb\u0101 uz automa\u0161\u012bnas nomu, j\u016bsu ties\u012bbas un pien\u0101kumi, k\u0101 ar\u012b personas datu izmanto\u0161ana saska\u0146\u0101 ar l\u012bgumu.<\/p><p>Personas dati, ko m\u0113s varam no jums v\u0101kt, ir v\u0101rds, uzv\u0101rds, adrese, dzim\u0161anas datums, personas kods, personas apliec\u012bbas numurs, izdev\u0113jiest\u0101de un izdo\u0161anas datums, vad\u012bt\u0101ja apliec\u012bbas numurs, izdo\u0161anas datums un vad\u012bt\u0101ja kategorija, adrese, kur\u0101 tiks glab\u0101ts automobilis (ja nepiecie\u0161ams), kred\u012btkartes veids (Visa\/MasterCard), kred\u012btkartes numurs, der\u012bguma termi\u0146\u0161, t\u0101lru\u0146a numurs un e-pasta adrese savstarp\u0113jai sazi\u0146ai. T\u0101pat Sabiedr\u012bbai j\u0101nor\u0101da, kur\u0101 \u0123eogr\u0101fiskaj\u0101 apgabal\u0101 tiks izmantota iznom\u0101t\u0101 automa\u0161\u012bna.&nbsp;&nbsp;<\/p><p>Nosl\u0113dzot automa\u0161\u012bnas nomas l\u012bgumu, j\u016bs tiekat inform\u0113ts, saprotat un piekr\u012btat, ka katra uz\u0146\u0113muma automa\u0161\u012bna var b\u016bt apr\u012bkota ar izseko\u0161anas ier\u012bci, lai noteiktu automa\u0161\u012bnas atra\u0161an\u0101s vietu z\u0101dz\u012bbas un\/vai cita automa\u0161\u012bnas boj\u0101juma gad\u012bjum\u0101. Izseko\u0161anas ier\u012bces uzst\u0101d\u012b\u0161ana ir noziedz\u012bga nodar\u012bjuma nov\u0113r\u0161ana.<\/p><p>Juridiskais pamats, lai Sabiedr\u012bba apstr\u0101d\u0101tu J\u016bsu personas datus un nosl\u0113gtu auto nomas l\u012bgumu, ir J\u016bsu piekri\u0161ana saska\u0146\u0101 ar J\u016bsu pieteikumu un v\u0113lmi nosl\u0113gt l\u012bgumu. J\u016bs sniedzat savus personas datus p\u0113c br\u012bvas gribas, un J\u016bs jebkur\u0101 laik\u0101 varat atsaukt savu piekri\u0161anu, sazinoties ar Sabiedr\u012bbu, k\u0101 nor\u0101d\u012bts turpm\u0101k.<\/p><p>Ja sniedzat mums tre\u0161o personu (piem\u0113ram, j\u016bsu \u0123imenes locek\u013cu, citu m\u016bsu klientu vai potenci\u0101lo klientu) personisko inform\u0101ciju, jums j\u0101p\u0101rliecin\u0101s, ka min\u0113t\u0101s tre\u0161\u0101s personas ir inform\u0113tas un pilnvarotas izmantot savus datus, k\u0101 aprakst\u012bts \u0161aj\u0101 konfidencialit\u0101tes politik\u0101.<\/p><p><strong>Datu veidi<\/strong><\/p><p>M\u0113s varam v\u0101kt un izmantot da\u017e\u0101da veida personas datus atkar\u012bb\u0101 no m\u016bsu konkr\u0113t\u0101 m\u0113r\u0137a, k\u0101 aprakst\u012bts t\u0101l\u0101k:<\/p><ol class=\"wp-block-list\"><li>personas dati, piem\u0113ram, v\u0101rds, uzv\u0101rds, dzimums, vecums\/ dzim\u0161anas datums, izcelsmes valsts un citi piem\u0113rojamos ties\u012bbu aktos at\u013cautie personas dati;<\/li>\n\n<li>kontaktinform\u0101ciju, piem\u0113ram, adresi, e-pasta adresi, t\u0101lru\u0146a numuru, mobil\u0101 t\u0101lru\u0146a numuru, faksa numuru (ja t\u0101ds ir) un citu kontaktinform\u0101ciju, kas at\u013cauta piem\u0113rojamos ties\u012bbu aktos;<\/li>\n\n<li>maks\u0101jumu inform\u0101ciju, piem\u0113ram, maks\u0101jumu instrumentu (kred\u012btkarte, debetkarte), ja nepiecie\u0161ams, pases numuru, ja tas nepiecie\u0161ams nodok\u013cu vai nelikum\u012bgi ieg\u016btu l\u012bdzek\u013cu legaliz\u0101cijas nov\u0113r\u0161anas nol\u016bkos;<\/li>\n\n<li>ar p\u0101rdo\u0161anu saist\u012bta inform\u0101cija, piem\u0113ram, datums, produkti vai sniegtie pakalpojumi, pirkuma vieta, produktu kodi, summa, p\u0101rdo\u0161anas kopsumma, PVN numurs, s\u016bdz\u012bbas, atgrie\u0161an\u0101s, atmaksa un cita ar p\u0101rdo\u0161anu saist\u012bta inform\u0101cija, k\u0101 to pie\u013cauj piem\u0113rojamie ties\u012bbu akti;<\/li>\n\n<li>ieradumi un profili, piem\u0113ram, dati par j\u016bsu pirkumiem\/rezerv\u0113jumiem (pirkumu\/rezerv\u0113jumu v\u0113sture, tostarp veikala, kur\u0101 notiek p\u0101rdo\u0161ana, automa\u0161\u012bnas tips, veids un nomas cena), inform\u0101cija, kas saist\u012bta ar klientu attiec\u012bbu p\u0101rvald\u012bbas darb\u012bb\u0101m un iniciat\u012bv\u0101m (veikto vai veicamo darb\u012bbu datums un kategorijas un min\u0113to darb\u012bbu rezult\u0101ti), iepirk\u0161an\u0101s ieradumi un preferences (v\u0113lmju saraksts, v\u0113lam\u0101s produktu kategorijas, kr\u0101sa, stils, citi ieg\u0101d\u0101tie z\u012bmoli, visvair\u0101k apmekl\u0113t\u0101s valstis, k\u0101 j\u016bs zin\u0101t m\u016bsu automa\u0161\u012bnu markas, izm\u0113ri, piez\u012bmes par pirk\u0161anas ieradumiem vai j\u016bsu \u012bpa\u0161\u0101m vajadz\u012bb\u0101m - t. i.piem\u0113ram, v\u0113lam\u0101 automa\u0161\u012bnas kr\u0101sa), cita inform\u0101cija (ar darbu saist\u012bta inform\u0101cija, izgl\u012bt\u012bba, hobiji un dz\u012bvesveida aktivit\u0101tes), k\u0101 to pie\u013cauj piem\u0113rojamie ties\u012bbu akti; un<\/li>\n\n<li>Ar \u0123imeni saist\u012bta inform\u0101cija, piem\u0113ram, \u0123imenes st\u0101voklis, jubilejas datums, b\u0113rnu skaits, ar b\u0113rniem saist\u012bta inform\u0101cija un cita ar \u0123imeni saist\u012bta inform\u0101cija, ko pie\u013cauj piem\u0113rojamie ties\u012bbu akti.<\/li><\/ol><h2 class=\"wp-block-heading\">K\u0100 M\u0112S IZMANTOJAM PERSONAS DATUS<\/h2><p>Atkar\u012bb\u0101 no konkr\u0113tajiem apst\u0101k\u013ciem, k\u0101dos j\u016bs ar mums sadarbojaties, personas datus var izmantot \u0161\u0101diem m\u0113r\u0137iem.<\/p><p>Visu inform\u0101ciju, ko j\u016bs sniedzat Sabiedr\u012bbai, Sabiedr\u012bba glab\u0101s savos serveros, bet, ja inform\u0101cija tiek glab\u0101ta fiziski, t\u0101 tiks glab\u0101ta Sabiedr\u012bbas datu nes\u0113jos, failos. Sabiedr\u012bbai b\u016bs piek\u013cuve j\u016bsu datiem tikai ierobe\u017eotam skaitam personu, tostarp direktoru padomes locek\u013ciem un gr\u0101matve\u017eiem.<\/p><p>Inform\u0101cija, ko Sabiedr\u012bba apkopo no jums, var tikt kop\u012bgota un uzglab\u0101ta \u0101rpus Eiropas Ekonomikas zonas (EEZ). Sniedzot savus personas datus, j\u016bs ar\u012b piekr\u012btat savu personas datu (tostarp sensit\u012bvu personas datu) nos\u016bt\u012b\u0161anai, glab\u0101\u0161anai un apstr\u0101dei saska\u0146\u0101 ar \u0161o Apstiprin\u0101jumu.<\/p><p>Uz\u0146\u0113mums izmantos no jums sa\u0146emto inform\u0101ciju, lai sazin\u0101tos ar jums.<\/p><h2 class=\"wp-block-heading\">K\u0100 M\u0112S KOP\u012aGOJAM PERSONAS DATUS<\/h2><p>Papildus iepriek\u0161 min\u0113tajam Sabiedr\u012bba var ar\u012b izpaust J\u016bsu personas datus tre\u0161ai personai:<\/p><ul class=\"wp-block-list\"><li>Ja Sabiedr\u012bba nodod vai ieg\u0101d\u0101jas uz\u0146\u0113mumu vai akt\u012bvus vai to da\u013cu, Sabiedr\u012bba var izpaust J\u016bsu personas datus potenci\u0101lajam \u0161\u0101da uz\u0146\u0113muma vai akt\u012bvu pirc\u0113jam vai p\u0101rdev\u0113jam; un<\/li>\n\n<li>Ja Sabiedr\u012bbai ir juridisks pien\u0101kums izpaust vai kop\u012bgot J\u016bsu personas datus, lai iev\u0113rotu piem\u0113rojamos ties\u012bbu aktus. Sabiedr\u012bba izpaud\u012bs J\u016bsu vesel\u012bbas sh\u0113mu savai apdro\u0161in\u0101\u0161anas sabiedr\u012bbai;<\/li>\n\n<li>Ja J\u016bs kav\u0113jat maks\u0101jumus Sabiedr\u012bbai un Sabiedr\u012bba ir spiesta nodot inform\u0101ciju par\u0101du piedzi\u0146as uz\u0146\u0113mumiem.<\/li><\/ul><p>Sabiedr\u012bba izmanto ar\u012b tre\u0161o pu\u0161u pieg\u0101d\u0101t\u0101jus, lai sniegtu pakalpojumus t\u0101s v\u0101rd\u0101. Lai nodro\u0161in\u0101tu J\u016bsu ties\u012bbas, m\u0113s esam nosl\u0113gu\u0161i datu apstr\u0101des l\u012bgumu ar \u0161\u0101d\u0101m tre\u0161aj\u0101m person\u0101m, kuras sa\u0146ems piek\u013cuvi J\u016bsu personas datiem. \u0160ajos l\u012bgumos ir noteikts, piem\u0113ram, k\u0101diem datiem \u0161\u0101das tre\u0161\u0101s personas var piek\u013c\u016bt un k\u0101 \u0161ie dati tiks apstr\u0101d\u0101ti. \u0160\u0101das tre\u0161\u0101s personas nevar\u0113s izmantot J\u016bsu datus citiem m\u0113r\u0137iem, k\u0101 vien tiem, par kuriem esam vienoju\u0161ies ar Jums. Vis\u0101m \u0161\u0101d\u0101m tre\u0161\u0101m person\u0101m ir ar\u012b j\u0101piem\u0113ro nepiecie\u0161amie dro\u0161\u012bbas un aizsardz\u012bbas pas\u0101kumi, lai aizsarg\u0101tu J\u016bsu personas datus.<\/p><p>Ja \u0161\u0101das tre\u0161\u0101s personas izmanto pieg\u0101d\u0101t\u0101jus, t\u0101m ir j\u0101nosl\u0113dz l\u012bgums, kur\u0101 noteiktas t\u0101das pa\u0161as pras\u012bbas, par k\u0101d\u0101m Sabiedr\u012bba ir vienojusies ar Jums.&nbsp;<\/p><h2 class=\"wp-block-heading\">B\u0112RNU PRIV\u0100TUMS<\/h2><p>\u0160\u012b T\u012bmek\u013ca vietne ir pla\u0161as auditorijas vietne, tom\u0113r m\u016bsu pakalpojumi ir paredz\u0113ti person\u0101m, kas sasniegu\u0161as 18 gadu vecumu. M\u0113s apzin\u0101ti nepiepras\u0101m, nev\u0101cam, neizmantojam un neizpau\u017eam personas datus, ko sniedz personas, kas jaun\u0101kas par 18 gadiem, gan tie\u0161saist\u0113, gan veikalos\/tirdzniec\u012bbas viet\u0101s. Ja uzzin\u0101sim, ka esam apkopoju\u0161i b\u0113rna personas datus, m\u0113s \u0161o inform\u0101ciju dz\u0113s\u012bsim.<\/p><p>Ja esat jaun\u0101ks par \u0161o vecumu, l\u016bdzu, neveiciet automa\u0161\u012bnu rezerv\u0101cijas m\u016bsu t\u012bmek\u013ca vietn\u0113.<\/p><h2 class=\"wp-block-heading\">CIK ILGI TIKS GLAB\u0100TI J\u016aSU PERSONAS DATI?<\/h2><p>Sabiedr\u012bba saglab\u0101s J\u016bsu personas datus uz automa\u0161\u012bnas nomas l\u012bguma darb\u012bbas laiku, k\u0101 ar\u012b 24 m\u0113ne\u0161us p\u0113c t\u0101 beig\u0101m, lai nepiecie\u0161am\u012bbas gad\u012bjum\u0101 (piem\u0113ram, tiesas process, sazi\u0146a ar ties\u012bbaizsardz\u012bbas iest\u0101d\u0113m u.c.) var\u0113tu izmantot l\u012bgum\u0101 nor\u0101d\u012btos datus.<\/p><h2 class=\"wp-block-heading\">PIEK\u013bUVE PERSONAS DATIEM, TO LABO\u0160ANA UN DZ\u0112\u0160ANA<\/h2><p>Jums ir ties\u012bbas piek\u013c\u016bt saviem personas datiem, labot un dz\u0113st tos saska\u0146\u0101 ar Visp\u0101r\u012bgo datu aizsardz\u012bbas regulu. Turkl\u0101t Jums ir ties\u012bbas piepras\u012bt datu p\u0101rnesam\u012bbu, piepras\u012bt apstr\u0101des ierobe\u017eo\u0161anu un atteikties no da\u017eiem J\u016bsu personas datu apstr\u0101des aspektiem. Jums ir ar\u012b ties\u012bbas iesniegt s\u016bdz\u012bbu Latvijas Datu aizsardz\u012bbas inspekcijai.<\/p><h2 class=\"wp-block-heading\">KONTAKTI<\/h2><p>Jaut\u0101jumus, koment\u0101rus un piepras\u012bjumus par \u0161o piekri\u0161anas veidlapu aicin\u0101m iesniegt:\u00a0<a href=\"mailto:info@supremecarrent.com\">info@supremecarrent.com<\/a><\/p>","protected":false},"excerpt":{"rendered":"<p>\u0160\u012b priv\u0101tuma politika (\"Priv\u0101tuma politika\") ir paredz\u0113ta, lai pal\u012bdz\u0113tu jums saprast, k\u0101du inform\u0101ciju m\u0113s apkopojam, kad j\u016bs apmekl\u0113jat \u0161o T\u012bmek\u013ca vietni, veicat automa\u0161\u012bnu rezerv\u0101cijas un parakstat l\u012bgumus neatkar\u012bgi no t\u0101, vai esat re\u0123istr\u0113ts lietot\u0101js, un aprakst\u012bt, k\u0101 m\u0113s izmantojam \u0161o inform\u0101ciju. \u0160ie dokumenti sniedz jums svar\u012bgu inform\u0101ciju par: PIE\u0145EM\u0160AN\u0100S Ar [...]<\/p>","protected":false},"author":1,"featured_media":0,"parent":0,"menu_order":0,"comment_status":"closed","ping_status":"open","template":"","meta":{"footnotes":""},"class_list":["post-3","page","type-page","status-publish","hentry"],"_links":{"self":[{"href":"https:\/\/supremecarrent.com\/lv\/wp-json\/wp\/v2\/pages\/3","targetHints":{"allow":["GET"]}}],"collection":[{"href":"https:\/\/supremecarrent.com\/lv\/wp-json\/wp\/v2\/pages"}],"about":[{"href":"https:\/\/supremecarrent.com\/lv\/wp-json\/wp\/v2\/types\/page"}],"author":[{"embeddable":true,"href":"https:\/\/supremecarrent.com\/lv\/wp-json\/wp\/v2\/users\/1"}],"replies":[{"embeddable":true,"href":"https:\/\/supremecarrent.com\/lv\/wp-json\/wp\/v2\/comments?post=3"}],"version-history":[{"count":3,"href":"https:\/\/supremecarrent.com\/lv\/wp-json\/wp\/v2\/pages\/3\/revisions"}],"predecessor-version":[{"id":27240,"href":"https:\/\/supremecarrent.com\/lv\/wp-json\/wp\/v2\/pages\/3\/revisions\/27240"}],"wp:attachment":[{"href":"https:\/\/supremecarrent.com\/lv\/wp-json\/wp\/v2\/media?parent=3"}],"curies":[{"name":"wp","href":"https:\/\/api.w.org\/{rel}","templated":true}]}}