{"id":28027,"date":"2025-12-17T22:54:23","date_gmt":"2025-12-17T20:54:23","guid":{"rendered":"https:\/\/supremecarrent.com\/?page_id=28027"},"modified":"2025-12-17T23:49:53","modified_gmt":"2025-12-17T21:49:53","slug":"vote2025","status":"publish","type":"page","link":"https:\/\/supremecarrent.com\/lv\/vote2025\/","title":{"rendered":"Vote2025"},"content":{"rendered":"<div data-elementor-type=\"wp-page\" data-elementor-id=\"28027\" class=\"elementor elementor-28027\" data-elementor-post-type=\"page\">\n\t\t\t\t<div class=\"elementor-element elementor-element-2fb92d5 e-flex e-con-boxed e-con e-parent\" data-id=\"2fb92d5\" data-element_type=\"container\" data-settings=\"{&quot;background_background&quot;:&quot;classic&quot;}\">\n\t\t\t\t\t<div class=\"e-con-inner\">\n\t\t<div class=\"elementor-element elementor-element-40ea42f e-con-full e-flex e-con e-child\" data-id=\"40ea42f\" data-element_type=\"container\" data-settings=\"{&quot;background_background&quot;:&quot;classic&quot;}\">\n\t\t<div class=\"elementor-element elementor-element-f77b113 e-con-full e-flex e-con e-child\" data-id=\"f77b113\" data-element_type=\"container\">\n\t\t\t\t<div class=\"elementor-element elementor-element-d0ecdcb elementor-widget elementor-widget-remons_elementor_heading\" data-id=\"d0ecdcb\" data-element_type=\"widget\" data-widget_type=\"remons_elementor_heading.default\">\n\t\t\t\t<div class=\"elementor-widget-container\">\n\t\t\t\t\t\n\t\t<div class=\"ova-heading\">\n            \n            <div class=\"top-heading\">\n\n            \t\t\t\t\t\t<div class=\"sub-title-wrapper top\">\n\t\t\t\t\t\t\t\t\t\t\t\t\t\t\t\t\t\t\t<img decoding=\"async\" class=\"sub_pre\" src=\"https:\/\/supremecarrent.com\/wp-content\/smush-webp\/2025\/02\/cropped-Supreme-favicon.png.webp\" alt=\"Supreme Car Rent\" title=\"\" data-smush-webp-fallback=\"{&quot;src&quot;:&quot;https:\\\/\\\/supremecarrent.com\\\/wp-content\\\/uploads\\\/2025\\\/02\\\/cropped-Supreme-favicon.png&quot;}\">\n\t\t\t\t\t\t\t\t\t\t\t\t\t\t\t\t\t\t\t<p class=\"sub-title\">Your Prize<\/p>\n\t\t\t\t\t\t\t\t\t\t\t<\/div>\n\t\t\t\t\n\t\t\t\t\n\t\t\t\t\t<div class=\"title-wrapper\" style=\"position: relative;\">\n\t\t\t\t\t\t\n\t\t\t\t\t\t\t<h1 class=\"title\">THANK YOU FOR YOUR VOTE!<\/h1>\n\n\t\t\t\t\t\t\n\t\t\t\t\t\t\t\t\t\t\t<\/div>\n\n\t\t\t\t\n            <\/div>\n\n\t\t\t\n\t\t<\/div>\n\t\t \t\n\t\t\t\t\t\t<\/div>\n\t\t\t\t<\/div>\n\t\t\t\t<div class=\"elementor-element elementor-element-d38c947 elementor-widget elementor-widget-text-editor\" data-id=\"d38c947\" data-element_type=\"widget\" data-widget_type=\"text-editor.default\">\n\t\t\t\t\t\t\t\t\t<p><span style=\"font-weight: 400;\">\ud83d\udc49 <\/span><b>Not ready to choose your rental dates just yet? No problem at all!<\/b><\/p><p><span style=\"font-weight: 400;\">Simply leave your <\/span><b>phone number or email<\/b><span style=\"font-weight: 400;\"> and add a short message and <\/span><b>-15% discount will be saved just for you<\/b><span style=\"font-weight: 400;\"> and will be waiting whenever you\u2019re ready &#8211; no rush, no pressure! \ud83d\ude0a:<\/span><\/p>\t\t\t\t\t\t\t\t<\/div>\n\t\t\t\t<div class=\"elementor-element elementor-element-e1178f7 elementor-widget elementor-widget-text-editor\" data-id=\"e1178f7\" data-element_type=\"widget\" data-widget_type=\"text-editor.default\">\n\t\t\t\t\t\t\t\t\t<p><span style=\"font-weight: 400;\">\ud83d\udcac\u00a0 <\/span><b>\u201c-15% for my vote!\u201d<\/b><\/p>\t\t\t\t\t\t\t\t<\/div>\n\t\t\t\t<div class=\"elementor-element elementor-element-546b438 elementor-widget elementor-widget-text-editor\" data-id=\"546b438\" data-element_type=\"widget\" data-widget_type=\"text-editor.default\">\n\t\t\t\t\t\t\t\t\t<p><b>By the way!<\/b><span style=\"font-weight: 400;\"> Did you know why our cars are brand NEW?<\/span> That&#8217;s <span style=\"font-weight: 400;\">because used cars can let you down at the worst possible moment &#8211; suddenly breaking down or stopping unexpectedly &#8211; <\/span><b>THAT IS WHY our cars are brand NEW<\/b><span style=\"font-weight: 400;\">. That means: Travel stress-free and safer. \ud83d\ude0a We\u2019ll take care of the rest \ud83d\ude97\u2728<\/span><\/p>\t\t\t\t\t\t\t\t<\/div>\n\t\t\t\t<div class=\"elementor-element elementor-element-54e1de1 elementor-widget elementor-widget-shortcode\" data-id=\"54e1de1\" data-element_type=\"widget\" data-widget_type=\"shortcode.default\">\n\t\t\t\t\t\t\t<div class=\"elementor-shortcode\">\n<div class=\"wpcf7 no-js\" id=\"wpcf7-f16693-o1\" lang=\"en-US\" dir=\"ltr\" data-wpcf7-id=\"16693\">\n<div class=\"screen-reader-response\"><p role=\"status\" aria-live=\"polite\" aria-atomic=\"true\"><\/p> <ul><\/ul><\/div>\n<form action=\"\/lv\/wp-json\/wp\/v2\/pages\/28027#wpcf7-f16693-o1\" method=\"post\" class=\"wpcf7-form init\" aria-label=\"Kontaktinform\u0101cija\" novalidate=\"novalidate\" data-status=\"init\" data-trp-original-action=\"\/lv\/wp-json\/wp\/v2\/pages\/28027#wpcf7-f16693-o1\">\n<div style=\"display: none;\">\n<input type=\"hidden\" name=\"_wpcf7\" value=\"16693\" \/>\n<input type=\"hidden\" name=\"_wpcf7_version\" value=\"6.0.3\" \/>\n<input type=\"hidden\" name=\"_wpcf7_locale\" value=\"en_US\" \/>\n<input type=\"hidden\" name=\"_wpcf7_unit_tag\" value=\"wpcf7-f16693-o1\" \/>\n<input type=\"hidden\" name=\"_wpcf7_container_post\" value=\"0\" \/>\n<input type=\"hidden\" name=\"_wpcf7_posted_data_hash\" value=\"\" \/>\n<\/div>\n<div class=\"ova-ctform ova-contact-form\">\n\t<div class=\"two_column\">\n\t\t<div class=\"ova_wrap_input\">\n\t\t\t<p><label><span class=\"visuallyhidden\">J\u016bsu v\u0101rds<\/span><span class=\"wpcf7-form-control-wrap\" data-name=\"your-name\"><input size=\"40\" maxlength=\"400\" class=\"wpcf7-form-control wpcf7-text wpcf7-validates-as-required\" aria-required=\"true\" aria-invalid=\"false\" placeholder=\"J\u016bsu v\u0101rds\" value=\"\" type=\"text\" name=\"your-name\" \/><\/span> <\/label>\n\t\t\t<\/p>\n\t\t<\/div>\n\t\t<div class=\"ova_wrap_input\">\n\t\t\t<p><label><span class=\"visuallyhidden\">J\u016bsu e-pasta adrese<\/span><span class=\"wpcf7-form-control-wrap\" data-name=\"your-email\"><input size=\"40\" maxlength=\"400\" class=\"wpcf7-form-control wpcf7-email wpcf7-validates-as-required wpcf7-text wpcf7-validates-as-email\" aria-required=\"true\" aria-invalid=\"false\" placeholder=\"E-pasta adrese\" value=\"\" type=\"email\" name=\"your-email\" \/><\/span><\/label>\n\t\t\t<\/p>\n\t\t<\/div>\n\t<\/div>\n\t<div class=\"two_column\">\n\t\t<div class=\"ova_wrap_input\">\n\t\t\t<p><label><span class=\"visuallyhidden\">Temats<\/span><span class=\"wpcf7-form-control-wrap\" data-name=\"your-subject\"><input size=\"40\" maxlength=\"400\" class=\"wpcf7-form-control wpcf7-text wpcf7-validates-as-required\" aria-required=\"true\" aria-invalid=\"false\" placeholder=\"Temats\" value=\"\" type=\"text\" name=\"your-subject\" \/><\/span> <\/label>\n\t\t\t<\/p>\n\t\t<\/div>\n\t\t<div class=\"ova_wrap_input\">\n\t\t\t<p><label><span class=\"visuallyhidden\">T\u0101lrunis<\/span><span class=\"wpcf7-form-control-wrap\" data-name=\"your-phone\"><input size=\"40\" maxlength=\"400\" class=\"wpcf7-form-control wpcf7-tel wpcf7-validates-as-required wpcf7-text wpcf7-validates-as-tel\" aria-required=\"true\" aria-invalid=\"false\" placeholder=\"T\u0101lrunis\" value=\"\" type=\"tel\" name=\"your-phone\" \/><\/span><\/label>\n\t\t\t<\/p>\n\t\t<\/div>\n\t<\/div>\n\t<div class=\"ova_wrap_input\">\n\t\t<p><label><span class=\"visuallyhidden\">J\u016bsu zi\u0146a<\/span> <span class=\"wpcf7-form-control-wrap\" data-name=\"your-message\"><textarea cols=\"40\" rows=\"10\" maxlength=\"2000\" class=\"wpcf7-form-control wpcf7-textarea\" id=\"your-message\" aria-invalid=\"false\" placeholder=\"Uzrakst\u012bt zi\u0146u\" name=\"your-message\"><\/textarea><\/span><\/label>\n\t\t<\/p>\n\t<\/div>\n\t<p><button type=\"submit\" class=\"wpcf7-form-control has-spinner wpcf7-submit\" aria-label=\"Nos\u016bt\u012bt zi\u0146u\">Nos\u016bt\u012bt zi\u0146u<\/button>\n\t<\/p>\n<\/div><div class=\"wpcf7-response-output\" aria-hidden=\"true\"><\/div>\n<input type=\"hidden\" name=\"trp-form-language\" value=\"lv\"\/><\/form>\n<\/div>\n<\/div>\n\t\t\t\t\t\t<\/div>\n\t\t<div class=\"elementor-element elementor-element-d9cfb6f e-con-full e-flex e-con e-child\" data-id=\"d9cfb6f\" data-element_type=\"container\">\n\t\t\t\t<div class=\"elementor-element elementor-element-1c66873 elementor-widget elementor-widget-image\" data-id=\"1c66873\" data-element_type=\"widget\" data-widget_type=\"image.default\">\n\t\t\t\t\t\t\t\t\t\t\t\t\t\t\t<img fetchpriority=\"high\" decoding=\"async\" width=\"800\" height=\"447\" src=\"https:\/\/supremecarrent.com\/wp-content\/smush-webp\/2025\/12\/supremecarrent_santa_vote2025_1200px-1024x572.jpg.webp\" class=\"attachment-large size-large wp-image-28041\" alt=\"vote2025 Santa bottom banner\" srcset=\"https:\/\/supremecarrent.com\/wp-content\/smush-webp\/2025\/12\/supremecarrent_santa_vote2025_1200px-1024x572.jpg.webp 1024w, https:\/\/supremecarrent.com\/wp-content\/smush-webp\/2025\/12\/supremecarrent_santa_vote2025_1200px-300x168.jpg.webp 300w, https:\/\/supremecarrent.com\/wp-content\/smush-webp\/2025\/12\/supremecarrent_santa_vote2025_1200px-768x429.jpg.webp 768w, https:\/\/supremecarrent.com\/wp-content\/smush-webp\/2025\/12\/supremecarrent_santa_vote2025_1200px-18x10.jpg.webp 18w, https:\/\/supremecarrent.com\/wp-content\/smush-webp\/2025\/12\/supremecarrent_santa_vote2025_1200px-460x257.jpg.webp 460w, https:\/\/supremecarrent.com\/wp-content\/smush-webp\/2025\/12\/supremecarrent_santa_vote2025_1200px-700x391.jpg.webp 700w, https:\/\/supremecarrent.com\/wp-content\/smush-webp\/2025\/12\/supremecarrent_santa_vote2025_1200px.jpg.webp 1200w\" sizes=\"(max-width: 800px) 100vw, 800px\" title=\"\" data-smush-webp-fallback=\"{&quot;src&quot;:&quot;https:\\\/\\\/supremecarrent.com\\\/wp-content\\\/uploads\\\/2025\\\/12\\\/supremecarrent_santa_vote2025_1200px-1024x572.jpg&quot;,&quot;srcset&quot;:&quot;https:\\\/\\\/supremecarrent.com\\\/wp-content\\\/uploads\\\/2025\\\/12\\\/supremecarrent_santa_vote2025_1200px-1024x572.jpg 1024w, https:\\\/\\\/supremecarrent.com\\\/wp-content\\\/uploads\\\/2025\\\/12\\\/supremecarrent_santa_vote2025_1200px-300x168.jpg 300w, https:\\\/\\\/supremecarrent.com\\\/wp-content\\\/uploads\\\/2025\\\/12\\\/supremecarrent_santa_vote2025_1200px-768x429.jpg 768w, https:\\\/\\\/supremecarrent.com\\\/wp-content\\\/uploads\\\/2025\\\/12\\\/supremecarrent_santa_vote2025_1200px-18x10.jpg 18w, https:\\\/\\\/supremecarrent.com\\\/wp-content\\\/uploads\\\/2025\\\/12\\\/supremecarrent_santa_vote2025_1200px-460x257.jpg 460w, https:\\\/\\\/supremecarrent.com\\\/wp-content\\\/uploads\\\/2025\\\/12\\\/supremecarrent_santa_vote2025_1200px-700x391.jpg 700w, https:\\\/\\\/supremecarrent.com\\\/wp-content\\\/uploads\\\/2025\\\/12\\\/supremecarrent_santa_vote2025_1200px.jpg 1200w&quot;}\">\t\t\t\t\t\t\t\t\t\t\t\t\t\t\t<\/div>\n\t\t\t\t<\/div>\n\t\t\t\t<div class=\"elementor-element elementor-element-d7b003b elementor-widget elementor-widget-html\" data-id=\"d7b003b\" data-element_type=\"widget\" data-widget_type=\"html.default\">\n\t\t\t\t\t<script>\n(function () {\n  function setField(input, val) {\n    if (!input) return;\n    input.value = val;\n    input.defaultValue = val; \/\/ survives form.reset()\n    input.setAttribute(\"value\", val); \/\/ helps if markup is re-used\n  }\n\n  function fillCF7() {\n    const params = new URLSearchParams(window.location.search);\n    const email = params.get(\"email\") || \"\";\n\n    const emailInput = document.querySelector('input[name=\"your-email\"]');\n    const subjectInput = document.querySelector('input[name=\"your-subject\"]');\n\n    if (email) setField(emailInput, email);\n    setField(subjectInput, \"VOTE2025\");\n\n    return !!(emailInput && subjectInput);\n  }\n\n  function boot() {\n    \/\/ try now + shortly after (CF7 sometimes injects\/replaces DOM)\n    fillCF7();\n    setTimeout(fillCF7, 50);\n    setTimeout(fillCF7, 250);\n    setTimeout(fillCF7, 1000);\n\n    \/\/ watch for CF7 replacing the form markup\n    const obs = new MutationObserver(() => fillCF7());\n    obs.observe(document.documentElement, { childList: true, subtree: true });\n  }\n\n  document.addEventListener(\"DOMContentLoaded\", boot);\n\n  \/\/ CF7 lifecycle events\n  document.addEventListener(\"wpcf7init\", fillCF7);\n  document.addEventListener(\"wpcf7reset\", fillCF7);\n  document.addEventListener(\"wpcf7invalid\", fillCF7);\n})();\n<\/script>\n\t\t\t\t<\/div>\n\t\t\t\t<\/div>\n\t\t<div class=\"elementor-element elementor-element-95214ee e-con-full e-flex e-con e-child\" data-id=\"95214ee\" data-element_type=\"container\">\n\t\t\t\t<div class=\"elementor-element elementor-element-b4d70ba elementor-widget elementor-widget-image\" data-id=\"b4d70ba\" data-element_type=\"widget\" data-widget_type=\"image.default\">\n\t\t\t\t\t\t\t\t\t\t\t\t\t\t\t<img decoding=\"async\" width=\"800\" height=\"534\" src=\"https:\/\/supremecarrent.com\/wp-content\/smush-webp\/2025\/04\/office-1024x683.jpeg.webp\" class=\"attachment-large size-large wp-image-24998\" alt=\"\" srcset=\"https:\/\/supremecarrent.com\/wp-content\/smush-webp\/2025\/04\/office-1024x683.jpeg.webp 1024w, https:\/\/supremecarrent.com\/wp-content\/smush-webp\/2025\/04\/office-700x467.jpeg.webp 700w, https:\/\/supremecarrent.com\/wp-content\/smush-webp\/2025\/04\/office-300x200.jpeg.webp 300w, https:\/\/supremecarrent.com\/wp-content\/smush-webp\/2025\/04\/office-768x512.jpeg.webp 768w, https:\/\/supremecarrent.com\/wp-content\/smush-webp\/2025\/04\/office-1536x1024.jpeg.webp 1536w, https:\/\/supremecarrent.com\/wp-content\/smush-webp\/2025\/04\/office-460x306.jpeg.webp 460w, https:\/\/supremecarrent.com\/wp-content\/smush-webp\/2025\/04\/office.jpeg.webp 1600w\" sizes=\"(max-width: 800px) 100vw, 800px\" title=\"\" data-smush-webp-fallback=\"{&quot;src&quot;:&quot;https:\\\/\\\/supremecarrent.com\\\/wp-content\\\/uploads\\\/2025\\\/04\\\/office-1024x683.jpeg&quot;,&quot;srcset&quot;:&quot;https:\\\/\\\/supremecarrent.com\\\/wp-content\\\/uploads\\\/2025\\\/04\\\/office-1024x683.jpeg 1024w, https:\\\/\\\/supremecarrent.com\\\/wp-content\\\/uploads\\\/2025\\\/04\\\/office-700x467.jpeg 700w, https:\\\/\\\/supremecarrent.com\\\/wp-content\\\/uploads\\\/2025\\\/04\\\/office-300x200.jpeg 300w, https:\\\/\\\/supremecarrent.com\\\/wp-content\\\/uploads\\\/2025\\\/04\\\/office-768x512.jpeg 768w, https:\\\/\\\/supremecarrent.com\\\/wp-content\\\/uploads\\\/2025\\\/04\\\/office-1536x1024.jpeg 1536w, https:\\\/\\\/supremecarrent.com\\\/wp-content\\\/uploads\\\/2025\\\/04\\\/office-460x306.jpeg 460w, https:\\\/\\\/supremecarrent.com\\\/wp-content\\\/uploads\\\/2025\\\/04\\\/office.jpeg 1600w&quot;}\">\t\t\t\t\t\t\t\t\t\t\t\t\t\t\t<\/div>\n\t\t\t\t<div class=\"elementor-element elementor-element-9415128 elementor-widget elementor-widget-remons_elementor_contact_info\" data-id=\"9415128\" data-element_type=\"widget\" data-widget_type=\"remons_elementor_contact_info.default\">\n\t\t\t\t<div class=\"elementor-widget-container\">\n\t\t\t\t\t\t\t\t<div class=\"ova-contact-info\">\n\t\t\t\t\n\t\t\t\t\t\t\t\t\t<div class=\"icon\">\n\t\t\t\t\t\t<i aria-hidden=\"true\" class=\"flaticon flaticon-clock\"><\/i>\t\t\t\t\t<\/div>\t\n\t\t\t\t\t\t\t\t\n\n\t\t\t\t<div class=\"contact\">\n\t\t\t\t\t\n\t\t\t\t\t\t\t\t\t\t\t<div class=\"label\">\n\t\t\t\t\t\t\tDarba laiks\t\t\t\t\t\t<\/div>\n\t\t\t\t\t\n\t\t\t\t\t\n\t\t\t\t\t\t<ul class=\"info\">\n\t\t\t\t\t\t\t\t\t\t\t\t\t\t\t<li class=\"item\">\n\t\t\t\t\t\t\t\t\t\t\t\t\t\t\t\t\t\t\t\t\t<span>Pirmdiena - sv\u0113tdiena<br>09:00 - 19:00<\/span>\n\t\t\t\t\t\t\t\t\t\t\t\t\t\t\t\t\t\t\t<\/li>\n\t\t\t\t\t\t\t\t\t\t\t\t\t<\/ul>\n\n\t\t\t\t\t\t\n\n\t\t\t\t<\/div>\n\n\t\t\t<\/div>\n\n\t\t\t\t\t\t<\/div>\n\t\t\t\t<\/div>\n\t\t\t\t<div class=\"elementor-element elementor-element-ffe41ec elementor-widget elementor-widget-remons_elementor_contact_info\" data-id=\"ffe41ec\" data-element_type=\"widget\" data-widget_type=\"remons_elementor_contact_info.default\">\n\t\t\t\t<div class=\"elementor-widget-container\">\n\t\t\t\t\t\t\t\t<div class=\"ova-contact-info\">\n\t\t\t\t\n\t\t\t\t\t\t\t\t\t<div class=\"icon\">\n\t\t\t\t\t\t<i aria-hidden=\"true\" class=\"flaticon flaticon-question\"><\/i>\t\t\t\t\t<\/div>\t\n\t\t\t\t\t\t\t\t\n\n\t\t\t\t<div class=\"contact\">\n\t\t\t\t\t\n\t\t\t\t\t\t\t\t\t\t\t<div class=\"label\">\n\t\t\t\t\t\t\t24\/7 Telefona Numurs\t\t\t\t\t\t<\/div>\n\t\t\t\t\t\n\t\t\t\t\t\n\t\t\t\t\t\t<ul class=\"info\">\n\t\t\t\t\t\t\t\t\t\t\t\t\t\t\t<li class=\"item\">\n\t\t\t\t\t\t\t\t\t\t\t\t\t\t\t\t\t\t\t\t\t<a href=\"tel:+37124559988\">+371 24 559 988<\/a>\n\t\t\t\t\t\t\t\t\t\t\t\t\t\t\t\t\t\t\t<\/li>\n\t\t\t\t\t\t\t\t\t\t\t\t\t<\/ul>\n\n\t\t\t\t\t\t\n\n\t\t\t\t<\/div>\n\n\t\t\t<\/div>\n\n\t\t\t\t\t\t<\/div>\n\t\t\t\t<\/div>\n\t\t\t\t<div class=\"elementor-element elementor-element-6bdd5fd elementor-widget elementor-widget-remons_elementor_contact_info\" data-id=\"6bdd5fd\" data-element_type=\"widget\" data-widget_type=\"remons_elementor_contact_info.default\">\n\t\t\t\t<div class=\"elementor-widget-container\">\n\t\t\t\t\t\t\t\t<div class=\"ova-contact-info\">\n\t\t\t\t\n\t\t\t\t\t\t\t\t\t<div class=\"icon\">\n\t\t\t\t\t\t<i aria-hidden=\"true\" class=\"flaticon flaticon-email-1\"><\/i>\t\t\t\t\t<\/div>\t\n\t\t\t\t\t\t\t\t\n\n\t\t\t\t<div class=\"contact\">\n\t\t\t\t\t\n\t\t\t\t\t\t\t\t\t\t\t<div class=\"label\">\n\t\t\t\t\t\t\tE-pasts\t\t\t\t\t\t<\/div>\n\t\t\t\t\t\n\t\t\t\t\t\n\t\t\t\t\t\t<ul class=\"info\">\n\t\t\t\t\t\t\t\t\t\t\t\t\t\t\t<li class=\"item\">\n\t\t\t\t\t\t\t\t\t\t\t\t\t\t\t\t\t\t\t\t\t<a href=\"mailto:info@supremecarrent.com\">info@supremecarrent.com<\/a>\n\t\t\t\t\t\t\t\t\t\t\t\t\t\t\t\t\t\t\t<\/li>\n\t\t\t\t\t\t\t\t\t\t\t\t\t<\/ul>\n\n\t\t\t\t\t\t\n\n\t\t\t\t<\/div>\n\n\t\t\t<\/div>\n\n\t\t\t\t\t\t<\/div>\n\t\t\t\t<\/div>\n\t\t\t\t<div class=\"elementor-element elementor-element-a1c3ba5 elementor-widget elementor-widget-remons_elementor_contact_info\" data-id=\"a1c3ba5\" data-element_type=\"widget\" data-widget_type=\"remons_elementor_contact_info.default\">\n\t\t\t\t<div class=\"elementor-widget-container\">\n\t\t\t\t\t\t\t\t<div class=\"ova-contact-info\">\n\t\t\t\t\n\t\t\t\t\t\t\t\t\t<div class=\"icon\">\n\t\t\t\t\t\t<i aria-hidden=\"true\" class=\"flaticon flaticon-location\"><\/i>\t\t\t\t\t<\/div>\t\n\t\t\t\t\t\t\t\t\n\n\t\t\t\t<div class=\"contact\">\n\t\t\t\t\t\n\t\t\t\t\t\t\t\t\t\t\t<div class=\"label\">\n\t\t\t\t\t\t\tApmekl\u0113jiet biroju\t\t\t\t\t\t<\/div>\n\t\t\t\t\t\n\t\t\t\t\t\n\t\t\t\t\t\t<ul class=\"info\">\n\t\t\t\t\t\t\t\t\t\t\t\t\t\t\t<li class=\"item\">\n\t\t\t\t\t\t\t\t\t\t\t\t\t\t\t\t\t\t\t\t\t<span>J\u016brkalnes iela 15, R\u012bga, Latvija, LV-1046, 2. ieeja, 3. st\u0101vs, 310. birojs<\/span>\n\t\t\t\t\t\t\t\t\t\t\t\t\t\t\t\t\t\t\t<\/li>\n\t\t\t\t\t\t\t\t\t\t\t\t\t<\/ul>\n\n\t\t\t\t\t\t\n\n\t\t\t\t<\/div>\n\n\t\t\t<\/div>\n\n\t\t\t\t\t\t<\/div>\n\t\t\t\t<\/div>\n\t\t\t\t<div class=\"elementor-element elementor-element-55c26be elementor-widget elementor-widget-remons_elementor_contact_info\" data-id=\"55c26be\" data-element_type=\"widget\" data-widget_type=\"remons_elementor_contact_info.default\">\n\t\t\t\t<div class=\"elementor-widget-container\">\n\t\t\t\t\t\t\t\t<div class=\"ova-contact-info\">\n\t\t\t\t\n\t\t\t\t\t\t\t\t\t<div class=\"icon\">\n\t\t\t\t\t\t<i aria-hidden=\"true\" class=\"ovaicon ovaicon-wall-clock\"><\/i>\t\t\t\t\t<\/div>\t\n\t\t\t\t\t\t\t\t\n\n\t\t\t\t<div class=\"contact\">\n\t\t\t\t\t\n\t\t\t\t\t\t\t\t\t\t\t<div class=\"label\">\n\t\t\t\t\t\t\t\u0100rpusstundu darba laiks un maksa\t\t\t\t\t\t<\/div>\n\t\t\t\t\t\n\t\t\t\t\t\n\t\t\t\t\t\t<ul class=\"info\">\n\t\t\t\t\t\t\t\t\t\t\t\t\t\t\t<li class=\"item\">\n\t\t\t\t\t\t\t\t\t\t\t\t\t\t\t\t\t\t\t\t\t<span>Pirmdiena - sv\u0113tdiena:<\/span>\n\t\t\t\t\t\t\t\t\t\t\t\t\t\t\t\t\t\t\t<\/li>\n\t\t\t\t\t\t\t\t\t\t\t\t\t\t\t<li class=\"item\">\n\t\t\t\t\t\t\t\t\t\t\t\t\t\t\t\t\t\t\t\t\t<span>07:00 - 08:59 (30,00 EUR)<\/span>\n\t\t\t\t\t\t\t\t\t\t\t\t\t\t\t\t\t\t\t<\/li>\n\t\t\t\t\t\t\t\t\t\t\t\t\t\t\t<li class=\"item\">\n\t\t\t\t\t\t\t\t\t\t\t\t\t\t\t\t\t\t\t\t\t<span>19:00 - 22:59 (30,00 EUR)<\/span>\n\t\t\t\t\t\t\t\t\t\t\t\t\t\t\t\t\t\t\t<\/li>\n\t\t\t\t\t\t\t\t\t\t\t\t\t\t\t<li class=\"item\">\n\t\t\t\t\t\t\t\t\t\t\t\t\t\t\t\t\t\t\t\t\t<span>23:00 - 06:59 (35,00 EUR)<\/span>\n\t\t\t\t\t\t\t\t\t\t\t\t\t\t\t\t\t\t\t<\/li>\n\t\t\t\t\t\t\t\t\t\t\t\t\t<\/ul>\n\n\t\t\t\t\t\t\n\n\t\t\t\t<\/div>\n\n\t\t\t<\/div>\n\n\t\t\t\t\t\t<\/div>\n\t\t\t\t<\/div>\n\t\t\t\t<\/div>\n\t\t\t\t<\/div>\n\t\t\t\t\t<\/div>\n\t\t\t\t<\/div>\n\t\t<div class=\"elementor-element elementor-element-24042e6 e-con-full e-flex e-con e-parent\" data-id=\"24042e6\" data-element_type=\"container\">\n\t\t\t\t<div class=\"elementor-element elementor-element-6898264 elementor-widget elementor-widget-google_maps\" data-id=\"6898264\" data-element_type=\"widget\" data-widget_type=\"google_maps.default\">\n\t\t\t\t\t\t\t<div class=\"elementor-custom-embed\">\n\t\t\t<iframe loading=\"lazy\"\n\t\t\t\t\tsrc=\"https:\/\/maps.google.com\/maps?q=SUPREME%20CAR%20RENT&#038;t=m&#038;z=16&#038;output=embed&#038;iwloc=near\"\n\t\t\t\t\ttitle=\"AUGST\u0100K\u0100 AUTO NOMA\"\n\t\t\t\t\taria-label=\"AUGST\u0100K\u0100 AUTO NOMA\"\n\t\t\t><\/iframe>\n\t\t<\/div>\n\t\t\t\t\t\t<\/div>\n\t\t\t\t<\/div>\n\t\t\t\t<\/div>","protected":false},"excerpt":{"rendered":"<p>Your Prize THANK YOU FOR YOUR VOTE! \ud83d\udc49 Not ready to choose your rental dates just yet? No problem at all! Simply leave your phone number or email and add a short message and -15% discount will be saved just for you and will be waiting whenever you\u2019re ready &#8211; no rush, no pressure! \ud83d\ude0a: [&hellip;]<\/p>","protected":false},"author":1,"featured_media":0,"parent":0,"menu_order":0,"comment_status":"closed","ping_status":"closed","template":"elementor_header_footer","meta":{"footnotes":""},"class_list":["post-28027","page","type-page","status-publish","hentry"],"_links":{"self":[{"href":"https:\/\/supremecarrent.com\/lv\/wp-json\/wp\/v2\/pages\/28027","targetHints":{"allow":["GET"]}}],"collection":[{"href":"https:\/\/supremecarrent.com\/lv\/wp-json\/wp\/v2\/pages"}],"about":[{"href":"https:\/\/supremecarrent.com\/lv\/wp-json\/wp\/v2\/types\/page"}],"author":[{"embeddable":true,"href":"https:\/\/supremecarrent.com\/lv\/wp-json\/wp\/v2\/users\/1"}],"replies":[{"embeddable":true,"href":"https:\/\/supremecarrent.com\/lv\/wp-json\/wp\/v2\/comments?post=28027"}],"version-history":[{"count":3,"href":"https:\/\/supremecarrent.com\/lv\/wp-json\/wp\/v2\/pages\/28027\/revisions"}],"predecessor-version":[{"id":28050,"href":"https:\/\/supremecarrent.com\/lv\/wp-json\/wp\/v2\/pages\/28027\/revisions\/28050"}],"wp:attachment":[{"href":"https:\/\/supremecarrent.com\/lv\/wp-json\/wp\/v2\/media?parent=28027"}],"curies":[{"name":"wp","href":"https:\/\/api.w.org\/{rel}","templated":true}]}}