{"id":19,"date":"2023-10-17T04:14:07","date_gmt":"2023-10-17T04:14:07","guid":{"rendered":"https:\/\/supremecarrent.com\/?page_id=19"},"modified":"2025-10-28T19:20:54","modified_gmt":"2025-10-28T17:20:54","slug":"blog","status":"publish","type":"page","link":"https:\/\/supremecarrent.com\/lv\/blog\/","title":{"rendered":"Noder\u012bgi raksti par Supreme Auto Noma"},"content":{"rendered":"<div data-elementor-type=\"wp-page\" data-elementor-id=\"19\" class=\"elementor elementor-19\" data-elementor-post-type=\"page\">\n\t\t\t\t<div class=\"elementor-element elementor-element-d732c59 e-flex e-con-boxed e-con e-parent\" data-id=\"d732c59\" data-element_type=\"container\">\n\t\t\t\t\t<div class=\"e-con-inner\">\n\t\t\t\t<div class=\"elementor-element elementor-element-763f689 elementor-widget elementor-widget-heading\" data-id=\"763f689\" data-element_type=\"widget\" data-widget_type=\"heading.default\">\n\t\t\t\t\t<h1 class=\"elementor-heading-title elementor-size-default\">Noder\u012bgi raksti par Supreme Auto Noma<\/h1>\t\t\t\t<\/div>\n\t\t\t\t<div class=\"elementor-element elementor-element-3be62a8 elementor-widget elementor-widget-text-editor\" data-id=\"3be62a8\" data-element_type=\"widget\" data-widget_type=\"text-editor.default\">\n\t\t\t\t\t\t\t\t\t<p style=\"text-align: center;\">\u0160eit j\u016bs atrad\u012bsiet jaun\u0101k\u0101s uz\u0146\u0113muma zi\u0146as un inform\u0101ciju par auto nomu. M\u0113s dal\u0101mies ar jaunumiem un \u012bpa\u0161iem pied\u0101v\u0101jumiem, lai katrs brauciens b\u016btu izdev\u012bgs un \u0113rts.<\/p>\t\t\t\t\t\t\t\t<\/div>\n\t\t<div class=\"elementor-element elementor-element-8f16f56 e-con-full e-flex e-con e-child\" data-id=\"8f16f56\" data-element_type=\"container\">\n\t\t\t\t<div class=\"elementor-element elementor-element-70d3b44 elementor-grid-3 elementor-grid-tablet-2 elementor-grid-mobile-1 elementor-widget elementor-widget-loop-grid\" data-id=\"70d3b44\" data-element_type=\"widget\" data-settings=\"{&quot;template_id&quot;:27269,&quot;_skin&quot;:&quot;post&quot;,&quot;columns&quot;:&quot;3&quot;,&quot;columns_tablet&quot;:&quot;2&quot;,&quot;columns_mobile&quot;:&quot;1&quot;,&quot;edit_handle_selector&quot;:&quot;[data-elementor-type=\\&quot;loop-item\\&quot;]&quot;,&quot;row_gap&quot;:{&quot;unit&quot;:&quot;px&quot;,&quot;size&quot;:&quot;&quot;,&quot;sizes&quot;:[]},&quot;row_gap_tablet&quot;:{&quot;unit&quot;:&quot;px&quot;,&quot;size&quot;:&quot;&quot;,&quot;sizes&quot;:[]},&quot;row_gap_mobile&quot;:{&quot;unit&quot;:&quot;px&quot;,&quot;size&quot;:&quot;&quot;,&quot;sizes&quot;:[]}}\" data-widget_type=\"loop-grid.post\">\n\t\t\t\t<div class=\"elementor-widget-container\">\n\t\t\t\t\t\t\t<div class=\"elementor-loop-container elementor-grid\" role=\"list\">\n\t\t<style id=\"loop-27269\">.elementor-27269 .elementor-element.elementor-element-eeec5f3{--display:flex;--flex-direction:column;--container-widget-width:100%;--container-widget-height:initial;--container-widget-flex-grow:0;--container-widget-align-self:initial;--flex-wrap-mobile:wrap;--gap:0px 0px;--row-gap:0px;--column-gap:0px;border-style:solid;--border-style:solid;border-width:2px 2px 2px 2px;--border-top-width:2px;--border-right-width:2px;--border-bottom-width:2px;--border-left-width:2px;border-color:var( --e-global-color-primary );--border-color:var( --e-global-color-primary );--border-radius:15px 15px 15px 15px;}.elementor-widget-image-box .elementor-image-box-title{font-family:var( --e-global-typography-primary-font-family ), Sans-serif;font-weight:var( --e-global-typography-primary-font-weight );color:var( --e-global-color-primary );}.elementor-widget-image-box:has(:hover) .elementor-image-box-title,\n\t\t\t\t\t .elementor-widget-image-box:has(:focus) .elementor-image-box-title{color:var( --e-global-color-primary );}.elementor-widget-image-box .elementor-image-box-description{font-family:var( --e-global-typography-text-font-family ), Sans-serif;font-weight:var( --e-global-typography-text-font-weight );color:var( --e-global-color-text );}.elementor-27269 .elementor-element.elementor-element-3c209f1{padding:15px 15px 15px 15px;}.elementor-27269 .elementor-element.elementor-element-3c209f1 .elementor-image-box-img img{transition-duration:0.3s;}.elementor-27269 .elementor-element.elementor-element-3c209f1 .elementor-image-box-title{font-family:\"Inter\", Sans-serif;font-size:20px;font-weight:600;color:var( --e-global-color-secondary );transition-duration:0.3s;}.elementor-27269 .elementor-element.elementor-element-3c209f1:has(:hover) .elementor-image-box-title,\n\t\t\t\t\t .elementor-27269 .elementor-element.elementor-element-3c209f1:has(:focus) .elementor-image-box-title{color:var( --e-global-color-primary );}.elementor-27269 .elementor-element.elementor-element-3c209f1 .elementor-image-box-description{font-family:var( --e-global-typography-primary-font-family ), Sans-serif;font-weight:var( --e-global-typography-primary-font-weight );}.elementor-widget-button .elementor-button{background-color:var( --e-global-color-accent );font-family:var( --e-global-typography-accent-font-family ), Sans-serif;font-weight:var( --e-global-typography-accent-font-weight );}.elementor-27269 .elementor-element.elementor-element-6fdc552 .elementor-button{background-color:var( --e-global-color-primary );font-family:var( --e-global-typography-text-font-family ), Sans-serif;font-weight:var( --e-global-typography-text-font-weight );border-style:solid;border-width:1px 1px 1px 1px;border-color:var( --e-global-color-primary );border-radius:15px 15px 15px 15px;}.elementor-27269 .elementor-element.elementor-element-6fdc552 .elementor-button:hover, .elementor-27269 .elementor-element.elementor-element-6fdc552 .elementor-button:focus{background-color:#FFFFFF;color:var( --e-global-color-primary );border-color:var( --e-global-color-primary );}.elementor-27269 .elementor-element.elementor-element-6fdc552.elementor-element{--align-self:center;}.elementor-27269 .elementor-element.elementor-element-6fdc552 .elementor-button:hover svg, .elementor-27269 .elementor-element.elementor-element-6fdc552 .elementor-button:focus svg{fill:var( --e-global-color-primary );}<\/style>\t\t<div data-elementor-type=\"loop-item\" data-elementor-id=\"27269\" class=\"elementor elementor-27269 e-loop-item e-loop-item-24283 post-24283 post type-post status-publish format-standard has-post-thumbnail hentry category-rental\" data-elementor-post-type=\"elementor_library\" data-custom-edit-handle=\"1\">\n\t\t\t<div class=\"elementor-element elementor-element-eeec5f3 e-flex e-con-boxed e-con e-parent\" data-id=\"eeec5f3\" data-element_type=\"container\">\n\t\t\t\t\t<div class=\"e-con-inner\">\n\t\t\t\t<div class=\"elementor-element elementor-element-3c209f1 elementor-position-top elementor-widget elementor-widget-image-box\" data-id=\"3c209f1\" data-element_type=\"widget\" data-widget_type=\"image-box.default\">\n\t\t\t\t\t<div class=\"elementor-image-box-wrapper\"><figure class=\"elementor-image-box-img\"><a href=\"https:\/\/supremecarrent.com\/lv\/get-10-off-your-first-car-rental-with-supreme-car-rent\/\" tabindex=\"-1\"><img fetchpriority=\"high\" decoding=\"async\" width=\"768\" height=\"492\" src=\"https:\/\/supremecarrent.com\/wp-content\/uploads\/2026\/03\/SUPREME-slider-car-8-march-27-02-2026-v4-2-768x492.webp\" class=\"attachment-medium_large size-medium_large wp-image-28674\" alt=\"\" title=\"\" srcset=\"https:\/\/supremecarrent.com\/wp-content\/uploads\/2026\/03\/SUPREME-slider-car-8-march-27-02-2026-v4-2-768x492.webp 768w, https:\/\/supremecarrent.com\/wp-content\/uploads\/2026\/03\/SUPREME-slider-car-8-march-27-02-2026-v4-2-300x192.webp 300w, https:\/\/supremecarrent.com\/wp-content\/uploads\/2026\/03\/SUPREME-slider-car-8-march-27-02-2026-v4-2-18x12.webp 18w, https:\/\/supremecarrent.com\/wp-content\/uploads\/2026\/03\/SUPREME-slider-car-8-march-27-02-2026-v4-2-460x295.webp 460w, https:\/\/supremecarrent.com\/wp-content\/uploads\/2026\/03\/SUPREME-slider-car-8-march-27-02-2026-v4-2-700x448.webp 700w, https:\/\/supremecarrent.com\/wp-content\/uploads\/2026\/03\/SUPREME-slider-car-8-march-27-02-2026-v4-2.webp 865w\" sizes=\"(max-width: 768px) 100vw, 768px\" \/><\/a><\/figure><div class=\"elementor-image-box-content\"><h2 class=\"elementor-image-box-title\"><a href=\"https:\/\/supremecarrent.com\/lv\/get-10-off-your-first-car-rental-with-supreme-car-rent\/\">\u201cCelebrate Women\u2019s Day \u2013 special offer this week\u201d<\/a><\/h2><\/div><\/div>\t\t\t\t<\/div>\n\t\t\t\t<div class=\"elementor-element elementor-element-6fdc552 elementor-widget elementor-widget-button\" data-id=\"6fdc552\" data-element_type=\"widget\" data-widget_type=\"button.default\">\n\t\t\t\t\t\t\t\t\t\t<a class=\"elementor-button elementor-button-link elementor-size-sm\" href=\"https:\/\/supremecarrent.com\/lv\/get-10-off-your-first-car-rental-with-supreme-car-rent\/\">\n\t\t\t\t\t\t<span class=\"elementor-button-content-wrapper\">\n\t\t\t\t\t\t\t\t\t<span class=\"elementor-button-text\">Las\u012bt vair\u0101k<\/span>\n\t\t\t\t\t<\/span>\n\t\t\t\t\t<\/a>\n\t\t\t\t\t\t\t\t<\/div>\n\t\t\t\t\t<\/div>\n\t\t\t\t<\/div>\n\t\t\t\t<\/div>\n\t\t\t\t<div data-elementor-type=\"loop-item\" data-elementor-id=\"27269\" class=\"elementor elementor-27269 e-loop-item e-loop-item-27878 post-27878 post type-post status-publish format-standard has-post-thumbnail hentry category-rental\" data-elementor-post-type=\"elementor_library\" data-custom-edit-handle=\"1\">\n\t\t\t<div class=\"elementor-element elementor-element-eeec5f3 e-flex e-con-boxed e-con e-parent\" data-id=\"eeec5f3\" data-element_type=\"container\">\n\t\t\t\t\t<div class=\"e-con-inner\">\n\t\t\t\t<div class=\"elementor-element elementor-element-3c209f1 elementor-position-top elementor-widget elementor-widget-image-box\" data-id=\"3c209f1\" data-element_type=\"widget\" data-widget_type=\"image-box.default\">\n\t\t\t\t\t<div class=\"elementor-image-box-wrapper\"><figure class=\"elementor-image-box-img\"><a href=\"https:\/\/supremecarrent.com\/lv\/renault-captur\/\" tabindex=\"-1\"><img decoding=\"async\" width=\"768\" height=\"435\" src=\"https:\/\/supremecarrent.com\/wp-content\/uploads\/2025\/12\/captur-768x435.webp\" class=\"attachment-medium_large size-medium_large wp-image-27837\" alt=\"\" title=\"\" srcset=\"https:\/\/supremecarrent.com\/wp-content\/uploads\/2025\/12\/captur-768x435.webp 768w, https:\/\/supremecarrent.com\/wp-content\/uploads\/2025\/12\/captur-300x170.webp 300w, https:\/\/supremecarrent.com\/wp-content\/uploads\/2025\/12\/captur-1024x581.webp 1024w, https:\/\/supremecarrent.com\/wp-content\/uploads\/2025\/12\/captur-18x10.webp 18w, https:\/\/supremecarrent.com\/wp-content\/uploads\/2025\/12\/captur-460x261.webp 460w, https:\/\/supremecarrent.com\/wp-content\/uploads\/2025\/12\/captur-700x397.webp 700w, https:\/\/supremecarrent.com\/wp-content\/uploads\/2025\/12\/captur.webp 1030w\" sizes=\"(max-width: 768px) 100vw, 768px\" \/><\/a><\/figure><div class=\"elementor-image-box-content\"><h2 class=\"elementor-image-box-title\"><a href=\"https:\/\/supremecarrent.com\/lv\/renault-captur\/\">RENAULT CAPTUR<\/a><\/h2><\/div><\/div>\t\t\t\t<\/div>\n\t\t\t\t<div class=\"elementor-element elementor-element-6fdc552 elementor-widget elementor-widget-button\" data-id=\"6fdc552\" data-element_type=\"widget\" data-widget_type=\"button.default\">\n\t\t\t\t\t\t\t\t\t\t<a class=\"elementor-button elementor-button-link elementor-size-sm\" href=\"https:\/\/supremecarrent.com\/lv\/renault-captur\/\">\n\t\t\t\t\t\t<span class=\"elementor-button-content-wrapper\">\n\t\t\t\t\t\t\t\t\t<span class=\"elementor-button-text\">Las\u012bt vair\u0101k<\/span>\n\t\t\t\t\t<\/span>\n\t\t\t\t\t<\/a>\n\t\t\t\t\t\t\t\t<\/div>\n\t\t\t\t\t<\/div>\n\t\t\t\t<\/div>\n\t\t\t\t<\/div>\n\t\t\t\t<div data-elementor-type=\"loop-item\" data-elementor-id=\"27269\" class=\"elementor elementor-27269 e-loop-item e-loop-item-24287 post-24287 post type-post status-publish format-standard has-post-thumbnail hentry category-rental\" data-elementor-post-type=\"elementor_library\" data-custom-edit-handle=\"1\">\n\t\t\t<div class=\"elementor-element elementor-element-eeec5f3 e-flex e-con-boxed e-con e-parent\" data-id=\"eeec5f3\" data-element_type=\"container\">\n\t\t\t\t\t<div class=\"e-con-inner\">\n\t\t\t\t<div class=\"elementor-element elementor-element-3c209f1 elementor-position-top elementor-widget elementor-widget-image-box\" data-id=\"3c209f1\" data-element_type=\"widget\" data-widget_type=\"image-box.default\">\n\t\t\t\t\t<div class=\"elementor-image-box-wrapper\"><figure class=\"elementor-image-box-img\"><a href=\"https:\/\/supremecarrent.com\/lv\/suv-rentals-tailored-for-military-needs\/\" tabindex=\"-1\"><img decoding=\"async\" width=\"750\" height=\"344\" src=\"https:\/\/supremecarrent.com\/wp-content\/smush-webp\/2025\/03\/Toyota-Rav4-Hybrid-4x4-2024-3.png.webp\" class=\"attachment-medium_large size-medium_large wp-image-24194\" alt=\"Toyota Rav4 Hybrid 4x4\" title=\"\" srcset=\"https:\/\/supremecarrent.com\/wp-content\/smush-webp\/2025\/03\/Toyota-Rav4-Hybrid-4x4-2024-3.png.webp 750w, https:\/\/supremecarrent.com\/wp-content\/smush-webp\/2025\/03\/Toyota-Rav4-Hybrid-4x4-2024-3-700x321.png.webp 700w, https:\/\/supremecarrent.com\/wp-content\/smush-webp\/2025\/03\/Toyota-Rav4-Hybrid-4x4-2024-3-300x138.png.webp 300w, https:\/\/supremecarrent.com\/wp-content\/smush-webp\/2025\/03\/Toyota-Rav4-Hybrid-4x4-2024-3-460x211.png.webp 460w\" sizes=\"(max-width: 750px) 100vw, 750px\" data-smush-webp-fallback=\"{&quot;src&quot;:&quot;https:\\\/\\\/supremecarrent.com\\\/wp-content\\\/uploads\\\/2025\\\/03\\\/Toyota-Rav4-Hybrid-4x4-2024-3.png&quot;,&quot;srcset&quot;:&quot;https:\\\/\\\/supremecarrent.com\\\/wp-content\\\/uploads\\\/2025\\\/03\\\/Toyota-Rav4-Hybrid-4x4-2024-3.png 750w, https:\\\/\\\/supremecarrent.com\\\/wp-content\\\/uploads\\\/2025\\\/03\\\/Toyota-Rav4-Hybrid-4x4-2024-3-700x321.png 700w, https:\\\/\\\/supremecarrent.com\\\/wp-content\\\/uploads\\\/2025\\\/03\\\/Toyota-Rav4-Hybrid-4x4-2024-3-300x138.png 300w, https:\\\/\\\/supremecarrent.com\\\/wp-content\\\/uploads\\\/2025\\\/03\\\/Toyota-Rav4-Hybrid-4x4-2024-3-460x211.png 460w&quot;}\" \/><\/a><\/figure><div class=\"elementor-image-box-content\"><h2 class=\"elementor-image-box-title\"><a href=\"https:\/\/supremecarrent.com\/lv\/suv-rentals-tailored-for-military-needs\/\">Milit\u0101raj\u0101m vajadz\u012bb\u0101m piel\u0101gota SUV noma<\/a><\/h2><\/div><\/div>\t\t\t\t<\/div>\n\t\t\t\t<div class=\"elementor-element elementor-element-6fdc552 elementor-widget elementor-widget-button\" data-id=\"6fdc552\" data-element_type=\"widget\" data-widget_type=\"button.default\">\n\t\t\t\t\t\t\t\t\t\t<a class=\"elementor-button elementor-button-link elementor-size-sm\" href=\"https:\/\/supremecarrent.com\/lv\/suv-rentals-tailored-for-military-needs\/\">\n\t\t\t\t\t\t<span class=\"elementor-button-content-wrapper\">\n\t\t\t\t\t\t\t\t\t<span class=\"elementor-button-text\">Las\u012bt vair\u0101k<\/span>\n\t\t\t\t\t<\/span>\n\t\t\t\t\t<\/a>\n\t\t\t\t\t\t\t\t<\/div>\n\t\t\t\t\t<\/div>\n\t\t\t\t<\/div>\n\t\t\t\t<\/div>\n\t\t\t\t<div data-elementor-type=\"loop-item\" data-elementor-id=\"27269\" class=\"elementor elementor-27269 e-loop-item e-loop-item-24285 post-24285 post type-post status-publish format-standard has-post-thumbnail hentry category-rental\" data-elementor-post-type=\"elementor_library\" data-custom-edit-handle=\"1\">\n\t\t\t<div class=\"elementor-element elementor-element-eeec5f3 e-flex e-con-boxed e-con e-parent\" data-id=\"eeec5f3\" data-element_type=\"container\">\n\t\t\t\t\t<div class=\"e-con-inner\">\n\t\t\t\t<div class=\"elementor-element elementor-element-3c209f1 elementor-position-top elementor-widget elementor-widget-image-box\" data-id=\"3c209f1\" data-element_type=\"widget\" data-widget_type=\"image-box.default\">\n\t\t\t\t\t<div class=\"elementor-image-box-wrapper\"><figure class=\"elementor-image-box-img\"><a href=\"https:\/\/supremecarrent.com\/lv\/toyota-prius-plug-in-eco-friendly-and-innovative-ride\/\" tabindex=\"-1\"><img loading=\"lazy\" decoding=\"async\" width=\"768\" height=\"313\" src=\"https:\/\/supremecarrent.com\/wp-content\/smush-webp\/2025\/03\/Toyota-Prius-2022-768x313.png.webp\" class=\"attachment-medium_large size-medium_large wp-image-24227\" alt=\"Toyota Prius\" title=\"\" srcset=\"https:\/\/supremecarrent.com\/wp-content\/smush-webp\/2025\/03\/Toyota-Prius-2022-768x313.png.webp 768w, https:\/\/supremecarrent.com\/wp-content\/smush-webp\/2025\/03\/Toyota-Prius-2022-700x285.png.webp 700w, https:\/\/supremecarrent.com\/wp-content\/smush-webp\/2025\/03\/Toyota-Prius-2022-300x122.png.webp 300w, https:\/\/supremecarrent.com\/wp-content\/smush-webp\/2025\/03\/Toyota-Prius-2022-460x187.png.webp 460w, https:\/\/supremecarrent.com\/wp-content\/smush-webp\/2025\/03\/Toyota-Prius-2022.png.webp 935w\" sizes=\"(max-width: 768px) 100vw, 768px\" data-smush-webp-fallback=\"{&quot;src&quot;:&quot;https:\\\/\\\/supremecarrent.com\\\/wp-content\\\/uploads\\\/2025\\\/03\\\/Toyota-Prius-2022-768x313.png&quot;,&quot;srcset&quot;:&quot;https:\\\/\\\/supremecarrent.com\\\/wp-content\\\/uploads\\\/2025\\\/03\\\/Toyota-Prius-2022-768x313.png 768w, https:\\\/\\\/supremecarrent.com\\\/wp-content\\\/uploads\\\/2025\\\/03\\\/Toyota-Prius-2022-700x285.png 700w, https:\\\/\\\/supremecarrent.com\\\/wp-content\\\/uploads\\\/2025\\\/03\\\/Toyota-Prius-2022-300x122.png 300w, https:\\\/\\\/supremecarrent.com\\\/wp-content\\\/uploads\\\/2025\\\/03\\\/Toyota-Prius-2022-460x187.png 460w, https:\\\/\\\/supremecarrent.com\\\/wp-content\\\/uploads\\\/2025\\\/03\\\/Toyota-Prius-2022.png 935w&quot;}\" \/><\/a><\/figure><div class=\"elementor-image-box-content\"><h2 class=\"elementor-image-box-title\"><a href=\"https:\/\/supremecarrent.com\/lv\/toyota-prius-plug-in-eco-friendly-and-innovative-ride\/\">Toyota Prius Plug-in: videi draudz\u012bgs un inovat\u012bvs<\/a><\/h2><\/div><\/div>\t\t\t\t<\/div>\n\t\t\t\t<div class=\"elementor-element elementor-element-6fdc552 elementor-widget elementor-widget-button\" data-id=\"6fdc552\" data-element_type=\"widget\" data-widget_type=\"button.default\">\n\t\t\t\t\t\t\t\t\t\t<a class=\"elementor-button elementor-button-link elementor-size-sm\" href=\"https:\/\/supremecarrent.com\/lv\/toyota-prius-plug-in-eco-friendly-and-innovative-ride\/\">\n\t\t\t\t\t\t<span class=\"elementor-button-content-wrapper\">\n\t\t\t\t\t\t\t\t\t<span class=\"elementor-button-text\">Las\u012bt vair\u0101k<\/span>\n\t\t\t\t\t<\/span>\n\t\t\t\t\t<\/a>\n\t\t\t\t\t\t\t\t<\/div>\n\t\t\t\t\t<\/div>\n\t\t\t\t<\/div>\n\t\t\t\t<\/div>\n\t\t\t\t<div data-elementor-type=\"loop-item\" data-elementor-id=\"27269\" class=\"elementor elementor-27269 e-loop-item e-loop-item-24280 post-24280 post type-post status-publish format-standard has-post-thumbnail hentry category-rental\" data-elementor-post-type=\"elementor_library\" data-custom-edit-handle=\"1\">\n\t\t\t<div class=\"elementor-element elementor-element-eeec5f3 e-flex e-con-boxed e-con e-parent\" data-id=\"eeec5f3\" data-element_type=\"container\">\n\t\t\t\t\t<div class=\"e-con-inner\">\n\t\t\t\t<div class=\"elementor-element elementor-element-3c209f1 elementor-position-top elementor-widget elementor-widget-image-box\" data-id=\"3c209f1\" data-element_type=\"widget\" data-widget_type=\"image-box.default\">\n\t\t\t\t\t<div class=\"elementor-image-box-wrapper\"><figure class=\"elementor-image-box-img\"><a href=\"https:\/\/supremecarrent.com\/lv\/your-adventure-begins-with-supreme-car-rent\/\" tabindex=\"-1\"><img loading=\"lazy\" decoding=\"async\" width=\"768\" height=\"310\" src=\"https:\/\/supremecarrent.com\/wp-content\/smush-webp\/2025\/05\/superb-sportline-768x310.png.webp\" class=\"attachment-medium_large size-medium_large wp-image-25480\" alt=\"skoda superb sportline\" title=\"\" srcset=\"https:\/\/supremecarrent.com\/wp-content\/smush-webp\/2025\/05\/superb-sportline-768x310.png.webp 768w, https:\/\/supremecarrent.com\/wp-content\/smush-webp\/2025\/05\/superb-sportline-300x121.png.webp 300w, https:\/\/supremecarrent.com\/wp-content\/smush-webp\/2025\/05\/superb-sportline-1024x413.png.webp 1024w, https:\/\/supremecarrent.com\/wp-content\/uploads\/2025\/05\/superb-sportline-18x7.png 18w, https:\/\/supremecarrent.com\/wp-content\/smush-webp\/2025\/05\/superb-sportline-460x185.png.webp 460w, https:\/\/supremecarrent.com\/wp-content\/smush-webp\/2025\/05\/superb-sportline-700x282.png.webp 700w, https:\/\/supremecarrent.com\/wp-content\/smush-webp\/2025\/05\/superb-sportline.png.webp 1260w\" sizes=\"(max-width: 768px) 100vw, 768px\" data-smush-webp-fallback=\"{&quot;src&quot;:&quot;https:\\\/\\\/supremecarrent.com\\\/wp-content\\\/uploads\\\/2025\\\/05\\\/superb-sportline-768x310.png&quot;,&quot;srcset&quot;:&quot;https:\\\/\\\/supremecarrent.com\\\/wp-content\\\/uploads\\\/2025\\\/05\\\/superb-sportline-768x310.png 768w, https:\\\/\\\/supremecarrent.com\\\/wp-content\\\/uploads\\\/2025\\\/05\\\/superb-sportline-300x121.png 300w, https:\\\/\\\/supremecarrent.com\\\/wp-content\\\/uploads\\\/2025\\\/05\\\/superb-sportline-1024x413.png 1024w, https:\\\/\\\/supremecarrent.com\\\/wp-content\\\/uploads\\\/2025\\\/05\\\/superb-sportline-18x7.png 18w, https:\\\/\\\/supremecarrent.com\\\/wp-content\\\/uploads\\\/2025\\\/05\\\/superb-sportline-460x185.png 460w, https:\\\/\\\/supremecarrent.com\\\/wp-content\\\/uploads\\\/2025\\\/05\\\/superb-sportline-700x282.png 700w, https:\\\/\\\/supremecarrent.com\\\/wp-content\\\/uploads\\\/2025\\\/05\\\/superb-sportline.png 1260w&quot;}\" \/><\/a><\/figure><div class=\"elementor-image-box-content\"><h2 class=\"elementor-image-box-title\"><a href=\"https:\/\/supremecarrent.com\/lv\/your-adventure-begins-with-supreme-car-rent\/\">J\u016bsu piedz\u012bvojums s\u0101kas ar Supreme Auto Noma<\/a><\/h2><\/div><\/div>\t\t\t\t<\/div>\n\t\t\t\t<div class=\"elementor-element elementor-element-6fdc552 elementor-widget elementor-widget-button\" data-id=\"6fdc552\" data-element_type=\"widget\" data-widget_type=\"button.default\">\n\t\t\t\t\t\t\t\t\t\t<a class=\"elementor-button elementor-button-link elementor-size-sm\" href=\"https:\/\/supremecarrent.com\/lv\/your-adventure-begins-with-supreme-car-rent\/\">\n\t\t\t\t\t\t<span class=\"elementor-button-content-wrapper\">\n\t\t\t\t\t\t\t\t\t<span class=\"elementor-button-text\">Las\u012bt vair\u0101k<\/span>\n\t\t\t\t\t<\/span>\n\t\t\t\t\t<\/a>\n\t\t\t\t\t\t\t\t<\/div>\n\t\t\t\t\t<\/div>\n\t\t\t\t<\/div>\n\t\t\t\t<\/div>\n\t\t\t\t<\/div>\n\t\t\n\t\t\t\t\t\t<\/div>\n\t\t\t\t<\/div>\n\t\t\t\t<\/div>\n\t\t\t\t\t<\/div>\n\t\t\t\t<\/div>\n\t\t\t\t<\/div>","protected":false},"excerpt":{"rendered":"<p>Useful Articles on Supreme Car Rent Here you will find the latest company news and information about car rentals. We share updates and special offers to make every trip more affordable and convenient.<\/p>","protected":false},"author":1,"featured_media":0,"parent":0,"menu_order":0,"comment_status":"closed","ping_status":"closed","template":"elementor_header_footer","meta":{"footnotes":""},"class_list":["post-19","page","type-page","status-publish","hentry"],"_links":{"self":[{"href":"https:\/\/supremecarrent.com\/lv\/wp-json\/wp\/v2\/pages\/19","targetHints":{"allow":["GET"]}}],"collection":[{"href":"https:\/\/supremecarrent.com\/lv\/wp-json\/wp\/v2\/pages"}],"about":[{"href":"https:\/\/supremecarrent.com\/lv\/wp-json\/wp\/v2\/types\/page"}],"author":[{"embeddable":true,"href":"https:\/\/supremecarrent.com\/lv\/wp-json\/wp\/v2\/users\/1"}],"replies":[{"embeddable":true,"href":"https:\/\/supremecarrent.com\/lv\/wp-json\/wp\/v2\/comments?post=19"}],"version-history":[{"count":5,"href":"https:\/\/supremecarrent.com\/lv\/wp-json\/wp\/v2\/pages\/19\/revisions"}],"predecessor-version":[{"id":27502,"href":"https:\/\/supremecarrent.com\/lv\/wp-json\/wp\/v2\/pages\/19\/revisions\/27502"}],"wp:attachment":[{"href":"https:\/\/supremecarrent.com\/lv\/wp-json\/wp\/v2\/media?parent=19"}],"curies":[{"name":"wp","href":"https:\/\/api.w.org\/{rel}","templated":true}]}}