{"id":16935,"date":"2025-02-27T13:27:17","date_gmt":"2025-02-27T13:27:17","guid":{"rendered":"https:\/\/supremecarrent.com\/?page_id=16935"},"modified":"2026-03-24T19:21:34","modified_gmt":"2026-03-24T17:21:34","slug":"terms-conditions","status":"publish","type":"page","link":"https:\/\/supremecarrent.com\/lv\/terms-conditions\/","title":{"rendered":"Noteikumi un nosac\u012bjumi"},"content":{"rendered":"<h1 class=\"wp-block-heading\">Latvija<\/h1><h2 class=\"wp-block-heading\">Apmaksa un Dro\u0161\u012bbas Nauda<\/h2><p>SUPREME Car Rent pie\u0146em gan bezskaidras naudas maks\u0101jumus (kred\u012btkartes\/debetkartes vai bankas p\u0101rskait\u012bjumu), gan skaidras naudas maks\u0101jumus (tikai EUR).<\/p><p>Tie\u0161saistes maks\u0101jumiem dar\u012bjums tiek apstr\u0101d\u0101ts eiro (EUR). Ja klienta karte nav izsniegta eiro, konvert\u0101cija uz eiro tiks veikta saska\u0146\u0101 ar klienta kartes izdev\u0113ja bankas noteikto mai\u0146as kursu.<\/p><p>Maks\u0101jumiem m\u0113s pie\u0146emam \u0161\u0101das kred\u012btkartes un debetkartes: VISA, MasterCard un Maestro.<\/p><p>Nomas laik\u0101 depoz\u012bta nodro\u0161in\u0101\u0161anai tiek pie\u0146emtas tikai VISA un MasterCard kartes. Depoz\u012bta un pa\u0161riska summa ir atkar\u012bga no \u012br\u0113jam\u0101 transportl\u012bdzek\u013ca veida un \u012brei izv\u0113l\u0113t\u0101 \u012bpa\u0161\u0101 apdro\u0161in\u0101\u0161anas komplekta. S\u012bk\u0101ku inform\u0101ciju par apdro\u0161in\u0101\u0161anu skatiet t\u0101l\u0101k sada\u013c\u0101 \"APDRO\u0160IN\u0100\u0160ANA\".<\/p><h2 class=\"wp-block-heading\">Izmanto\u0161anas teritorija<\/h2><p>Transportl\u012bdzekli at\u013cauts izmantot tikai t\u0101s valsts teritorij\u0101, kur\u0101 transportl\u012bdzeklis s\u0101kotn\u0113ji tika iznom\u0101ts (Latvij\u0101). Ja pl\u0101nojat izmantot automa\u0161\u012bnu \u0101rpus Latvijas, ir nepiecie\u0161ams iepriek\u0161\u0113js pazi\u0146ojums.<\/p><p>Nomas l\u012bgumiem, kas ilgst no 1 l\u012bdz 11 dien\u0101m, tiek piem\u0113rots nobraukuma ierobe\u017eojums 150 km dien\u0101. Par \u0161\u012b nobraukuma p\u0101rsnieg\u0161anu atkar\u012bb\u0101 no automa\u0161\u012bnas veida tiek piem\u0113rota maksa 0,15-0,45 EUR par km.<\/p><p>Rezerv\u0101cij\u0101m, kuru nomas periods ir 12 dienas vai ilg\u0101ks, nobraukuma ierobe\u017eojums ir 3000 km braucieniem Baltijas valst\u012bs, ja ir ieg\u0101d\u0101ta atbilsto\u0161a(-as) p\u0101rrobe\u017eu karte(-es). Nepiecie\u0161amo(-\u0101s) p\u0101rrobe\u017eu karti(-es) varat izv\u0113l\u0113ties sada\u013c\u0101 \"papildu opcijas\". M\u0113ne\u0161a nobraukuma limits ar\u012b ir 3000 km.<\/p><h2 class=\"wp-block-heading\">Groz\u012bjumi un atcel\u0161ana<\/h2><p>Rezerv\u0113juma atcel\u0161anas vai groz\u012b\u0161anas gad\u012bjum\u0101 papildu maksa netiek piem\u0113rota. \u0160o noteikumu piem\u0113ro bez laika ierobe\u017eojumiem.<\/p><p><strong>Atmaks\u0101\u0161anas politika par iepriek\u0161 apmaks\u0101t\u0101m rezerv\u0101cij\u0101m:<\/strong> Ja esat veicis priek\u0161apmaksu un k\u0101da iemesla d\u0113\u013c nolemjat atcelt pas\u016bt\u012bjumu:<\/p><ul class=\"wp-block-list\"><li><strong>24 stundu laik\u0101<\/strong> no maks\u0101juma veik\u0161anas br\u012b\u017ea tiks atmaks\u0101ta visa summa.<\/li>\n\n<li><strong>P\u0113c 24 stund\u0101m<\/strong> no maks\u0101juma veik\u0161anas br\u012b\u017ea tiks atmaks\u0101ta pilna summa, atskaitot dar\u012bjuma maksu 15% apm\u0113r\u0101 no kop\u0113j\u0101s summas.<\/li><\/ul><p>Ja klients nepar\u0101d\u0101s <strong>vienas stundas laik\u0101<\/strong> p\u0113c nomas perioda s\u0101kuma, neinform\u0113jot par to, <strong>SUPREME Car Rent<\/strong> patur ties\u012bbas main\u012bt nomas nosac\u012bjumus vai atcelt rezerv\u0101ciju.<\/p><p>Jebkuras izmai\u0146as nomas nosac\u012bjumos, ko nomnieks veic transportl\u012bdzek\u013ca sa\u0146em\u0161anas br\u012bd\u012b, var ietekm\u0113t gal\u012bgo cenu, kas s\u0101kotn\u0113ji tika pied\u0101v\u0101ta, veicot rezerv\u0101ciju tie\u0161saist\u0113 vai pa t\u0101lruni.<\/p><p>L\u016bdzu, iepriek\u0161 veiciet jebk\u0101das izmai\u0146as rezerv\u0113jum\u0101!<\/p><p>- Pal\u012bdz\u012bbas l\u012bnijas dienesta kontaktt\u0101lrunis: +371 24 559 988;<br>- Inform\u0101cijas dienesta kontaktt\u0101lrunis: +371 24 559 988;<br>- Pal\u012bdz\u012bbas t\u0101lru\u0146a dienesta e-pasta adrese:&nbsp;<a href=\"mailto:support@supremecarrent.com\">support@supremecarrent.com<\/a>;<br>- Inform\u0101cijas dienesta e-pasta adrese:&nbsp;<a href=\"mailto:info@supremecarrent.com\">info@supremecarrent.com<\/a>.<\/p><h2 class=\"wp-block-heading\">Iesniedzamie dokumenti<\/h2><p>\u012ares laik\u0101 \u012brniekam l\u012bdzi j\u0101b\u016bt der\u012bgai personas apliec\u012bbai vai pasei.<\/p><h2 class=\"wp-block-heading\">Vecuma pras\u012bbas<\/h2><ul class=\"wp-block-list\"><li>Vad\u012bt\u0101ja vecumam j\u0101b\u016bt starp <strong>19 un 85 gadi<\/strong> nomas br\u012bd\u012b.<\/li>\n\n<li>Ja vad\u012bt\u0101ja vecums ir no <strong>19 un 23 gadi<\/strong>,  tiek piem\u0113rota papildu maksa <strong>20.00 EUR<\/strong> par visu nomas periodu.<\/li><\/ul><h2 class=\"wp-block-heading\">Vad\u012bt\u0101ja apliec\u012bbas pras\u012bbas<\/h2><ul class=\"wp-block-list\"><li>Autovad\u012bt\u0101jam j\u0101b\u016bt der\u012bgai vad\u012bt\u0101ja apliec\u012bbai uz sava v\u0101rda, kas der\u012bga vismaz <strong>12 m\u0113ne\u0161i<\/strong>.<\/li>\n\n<li>An <strong>Starptautisk\u0101 vad\u012bt\u0101ja apliec\u012bba<\/strong> ir nepiecie\u0161ama, ja vien autovad\u012bt\u0101ja apliec\u012bba nav izdota <strong>ES valst\u012bs<\/strong>.<\/li>\n\n<li>Ja vad\u012bt\u0101ja brauk\u0161anas pieredze (saska\u0146\u0101 ar vad\u012bt\u0101ja apliec\u012bbu) ir <strong>maz\u0101k nek\u0101 viens gads<\/strong>,  tiek piem\u0113rota papildu maksa <strong>50.00 EUR<\/strong> par visu nomas periodu.<\/li><\/ul><h2 class=\"wp-block-heading\">Papildu vad\u012bt\u0101js<\/h2><ul class=\"wp-block-list\"><li>Nomnieks tiek uzskat\u012bts par <strong>galvenais vad\u012bt\u0101js<\/strong> p\u0113c noklus\u0113juma.<\/li>\n\n<li>Papildu vad\u012bt\u0101ju var pievienot par papildmaksu <strong>20,00 EUR\/noma<\/strong>.<\/li><\/ul><h2 class=\"wp-block-heading\">Apdro\u0161in\u0101\u0161ana<\/h2><p>Pamatapdro\u0161in\u0101\u0161ana ar <strong>pa\u0161risku<\/strong> (CDW\/Collision Damage Waiver) ir iek\u013cauts nomas cen\u0101. Pa\u0161riska apm\u0113rs ir atkar\u012bgs no izv\u0113l\u0113t\u0101s automa\u0161\u012bnu grupas:<\/p><ul class=\"wp-block-list\"><li><strong>Standarta automa\u0161\u012bnas ar 5 s\u0113dviet\u0101m<\/strong>: Pa\u0161riska apjoms ir no <strong>300.00 EUR l\u012bdz 700.00 EUR<\/strong>.<\/li>\n\n<li><strong>Standarta automa\u0161\u012bnas ar 7-9 s\u0113dviet\u0101m un SUV automa\u0161\u012bnas<\/strong>: Pa\u0161riska apjoms ir no <strong>700.00 EUR l\u012bdz 800.00 EUR<\/strong>.<\/li>\n\n<li><strong>Luksusa automobi\u013ci<\/strong>: Pa\u0161risks (CDW) apr\u0113\u0137in\u0101ts individu\u0101li.<\/li><\/ul><h2 class=\"wp-block-heading\">Atbild\u012bba par boj\u0101jumiem<\/h2><ul class=\"wp-block-list\"><li>Atbild\u012bba par kait\u0113jumu <strong>stikls un riepas<\/strong> ir vien\u0101ds ar izv\u0113l\u0113t\u0101 transportl\u012bdzek\u013ca CDW pa\u0161risku.<\/li>\n\n<li>Pa\u0161risks (CDW) attiecas uz katru nesaist\u012btu negad\u012bjumu.<\/li><\/ul><h2 class=\"wp-block-heading\">Papildu inform\u0101cija par atbild\u012bbu<\/h2><ul class=\"wp-block-list\"><li><strong>Piln\u012bga izn\u012bcin\u0101\u0161ana (TD)<\/strong>: Atbild\u012bba ir <strong>10%<\/strong> transportl\u012bdzek\u013ca v\u0113rt\u012bbas.<\/li>\n\n<li><strong>Aizsardz\u012bba pret z\u0101dz\u012bbu (TP)<\/strong>: Atbild\u012bba ir <strong>10%<\/strong> transportl\u012bdzek\u013ca v\u0113rt\u012bbas.<\/li>\n\n<li>Port\u0101ls <strong>administr\u0113\u0161anas maksa<\/strong> par negad\u012bjumu ir <strong>100 EUR<\/strong> vai <strong>10%<\/strong> no remonta t\u0101mes summas.<\/li><\/ul><h2 class=\"wp-block-heading\">Papildu apdro\u0161in\u0101\u0161anas iesp\u0113jas<\/h2><ol class=\"wp-block-list\"><li><strong>LCDW<\/strong> (50% pa\u0161riska samazin\u0101jums no pamata apdro\u0161in\u0101\u0161anas CDW):<ul class=\"wp-block-list\"><li>Izmaksas: <strong>15.00 EUR\/dien\u0101<\/strong> (atkar\u012bb\u0101 no nomas perioda) vai <strong>maksimums 140.00 EUR\/noma<\/strong>.<\/li><\/ul><\/li>\n\n<li><strong>SCDW<\/strong> (Piln\u012bga atbild\u012bbas samazin\u0101\u0161ana l\u012bdz nullei no pamata apdro\u0161in\u0101\u0161anas CDW):<ul class=\"wp-block-list\"><li>Izmaksas: <strong>25.00 EUR\/dien\u0101<\/strong> (atkar\u012bb\u0101 no nomas perioda) vai <strong>maksimums 240.00 EUR\/noma<\/strong>.<\/li>\n\n<li>Piez\u012bme: SCDW neietver: <strong>Piln\u012bga izn\u012bcin\u0101\u0161ana<\/strong>, <strong>Aizsardz\u012bba pret z\u0101dz\u012bb\u0101m<\/strong>vai <strong>administr\u0113\u0161anas maksa<\/strong>.<\/li><\/ul><\/li>\n\n<li><strong>Papildus SCDW<\/strong> (Piln\u012bga visu veidu atbild\u012bbas atsauk\u0161ana, tostarp CDW, piln\u012bgas izn\u012bcin\u0101\u0161anas, z\u0101dz\u012bbas aizsardz\u012bbas, administr\u0101cijas maksas un aizvietojo\u0161a transportl\u012bdzek\u013ca nodro\u0161in\u0101\u0161ana 24 stundu laik\u0101):<ul class=\"wp-block-list\"><li>Izmaksas: <strong>35.00 EUR\/dien\u0101<\/strong> (atkar\u012bb\u0101 no nomas perioda) vai <strong>maksimums 330.00 EUR\/noma<\/strong>.<\/li><\/ul><\/li><\/ol><p><strong>Apdro\u0161in\u0101\u0161anas seguma iz\u0146\u0113mumi:<\/strong> Neviena no pied\u0101v\u0101taj\u0101m apdro\u0161in\u0101\u0161an\u0101m nesedz zaud\u0113jumus, kas radu\u0161ies \u0161\u0101dos apst\u0101k\u013cos:<\/p><ul class=\"wp-block-list\"><li>Nepareiza transportl\u012bdzek\u013ca ekspluat\u0101cija, kas noved pie konkr\u0113tas automa\u0161\u012bnas deta\u013cas boj\u0101juma.<\/li>\n\n<li>Ce\u013cu satiksmes noteikumu p\u0101rk\u0101p\u0161ana.<\/li>\n\n<li>Transportl\u012bdzek\u013ca lieto\u0161ana, ko veic persona, kura nav re\u0123istr\u0113ta k\u0101 vad\u012bt\u0101js.<\/li>\n\n<li>Transportl\u012bdzek\u013ca lieto\u0161ana pa neasfalt\u0113tiem ce\u013ciem vai valst\u012bs, kas nav min\u0113tas nomas l\u012bgum\u0101.<\/li>\n\n<li>Transportl\u012bdzek\u013ca vad\u012b\u0161ana alkohola, narkotiku vai psihotropo vielu reibum\u0101.<\/li><\/ul><h2 class=\"wp-block-heading\">Transportl\u012bdzek\u013ca izv\u0113le un atbild\u012bba<\/h2><ul class=\"wp-block-list\"><li><strong>Transportl\u012bdzek\u013ca izv\u0113le<\/strong>:\u201cSUPREME Car Rent\u201d stingri iesaka klientiem izv\u0113l\u0113ties nomas automa\u0161\u012bnu, kas atbilst vi\u0146u vajadz\u012bb\u0101m, \u0146emot v\u0113r\u0101 t\u0101dus faktorus k\u0101 pasa\u017eieru skaits, bag\u0101\u017eas daudzums un izm\u0113rs. Nepareiza transportl\u012bdzek\u013ca izv\u0113le var rad\u012bt ne\u0113rt\u012bbas lieto\u0161an\u0101 un nejau\u0161us salona vai virsb\u016bves boj\u0101jumus.<\/li>\n\n<li><strong>CSN p\u0101rk\u0101pumi<\/strong>: Klienti ir atbild\u012bgi par vis\u0101m izmaks\u0101m, kas radu\u0161\u0101s ce\u013cu satiksmes noteikumu p\u0101rk\u0101pumu rezult\u0101t\u0101. Vi\u0146iem ir pien\u0101kums inform\u0113t uz\u0146\u0113mumu par visiem nesamaks\u0101tiem ce\u013cu satiksmes sodiem, atgrie\u017eot transportl\u012bdzekli. Ja klients l\u016bdz \u201cSUPREME Car Rent\u201d samaks\u0101t sodu vi\u0146a v\u0101rd\u0101, <strong>10% komisija<\/strong> (vai vismaz <strong>10.00 EUR<\/strong>) tiks piem\u0113rots.<\/li>\n\n<li><strong>Nezi\u0146oti Sodi<\/strong>: Ja klients neinform\u0113 \u201cSUPREME Car Rent\u201d par nesamaks\u0101tiem ce\u013cu satiksmes sodiem un uz\u0146\u0113mums v\u0113l\u0101k sa\u0146em sodu no policijas, <strong>papildu soda maksa<\/strong> no <strong>20.00 \u2013 140.00 EUR apm\u0113ra<\/strong> tiks iekas\u0113ta atkar\u012bb\u0101 no soda apm\u0113ra.<\/li><\/ul><h2 class=\"wp-block-heading\">Degvielas politika<\/h2><ul class=\"wp-block-list\"><li>Automa\u0161\u012bna j\u0101atdod ar t\u0101du pa\u0161u degvielas l\u012bmeni, k\u0101ds tas bija sa\u0146em\u0161anas br\u012bd\u012b. Ja degvielas tvertne sa\u0146em\u0161anas br\u012bd\u012b nebija pilna, tas j\u0101\u0146em v\u0113r\u0101, uzpildot degvielu atgrie\u017eot auto.<\/li>\n\n<li>Ja klients atgrie\u017e automa\u0161\u012bnu ar <strong>vair\u0101ku degvielas apjomu,<\/strong> kompens\u0101cija netiks sniegta.<\/li>\n\n<li>Ja automa\u0161\u012bna tiek atgriezta ar <strong>maz\u0101ku degvielas apjomu,<\/strong> klientam b\u016bs j\u0101maks\u0101 par degvielu plus <strong>15.00 EUR degvielas uzpildes pakalpojuma maksa<\/strong>.<\/li><\/ul><h2 class=\"wp-block-heading\">Transportl\u012bdzek\u013ca t\u012br\u012bba<\/h2><ul class=\"wp-block-list\"><li>Nomas auto j\u0101atgrie\u017e <strong>tad\u0101 pa\u0161\u0101 t\u012br\u0101 st\u0101vokl\u012b<\/strong> (gan iek\u0161pus\u0113, gan \u0101rpus\u0113), k\u0101d\u0101 tas bija pa\u0146em\u0161anas br\u012bd\u012b. Tas ir nepiecie\u0161ams pien\u0101c\u012bgai p\u0101rbaudei.<\/li>\n\n<li><strong>Sods par net\u012br\u0101m automa\u0161\u012bn\u0101m<\/strong>:Ja automa\u0161\u012bna tiek atgriezta net\u012bra, uz\u0146\u0113mums patur ties\u012bbas iekas\u0113t sodu bez P\/N akta parakst\u012b\u0161anas:<ul class=\"wp-block-list\"><li><strong>Net\u012brs eksterjers<\/strong>: <strong>10-25 EUR<\/strong> sods<\/li>\n\n<li><strong>Net\u012brs Interjers<\/strong>: <strong>10-25 EUR<\/strong> sods<\/li>\n\n<li>Ja <strong>Gad\u012bjuma ja \u0137\u012bmiska tir\u012b\u0161ana<\/strong> ir nepiecie\u0161ama lai izt\u012br\u012bt salonu, sods atspogu\u013cos tie\u0161os izdevumus, kas radu\u0161ies \u0161\u012bs proced\u016bras d\u0113\u013c.<\/li>\n\n<li>Klienti ir piln\u012bb\u0101 atbild\u012bgi par <strong>remonta izmaks\u0101m<\/strong> ja ir saboj\u0101tas interjera deta\u013cas.<\/li><\/ul><\/li>\n\n<li><strong>T\u012br\u012b\u0161anas metodes<\/strong>: Autom\u0101tisko automazg\u0101tavu sist\u0113mu, \u0137\u012bmisk\u0101s mazg\u0101\u0161anas vai jebk\u0101du netradicion\u0101lu t\u012br\u012b\u0161anas meto\u017eu izmanto\u0161ana ir aizliegta <strong>stingri aizliegts<\/strong>.<\/li><\/ul><h2 class=\"wp-block-heading\">Sm\u0113\u0137\u0113\u0161anas politika<\/h2><ul class=\"wp-block-list\"><li>Sm\u0113\u0137\u0113\u0161ana automa\u0161\u012bn\u0101 ir stingri aizliegta. Ja automa\u0161\u012bna tiek atgriezta ar sm\u0113\u0137\u0113\u0161anas paz\u012bm\u0113m, tiks piem\u0113rots sods 300,00 EUR apm\u0113r\u0101.<\/li><\/ul><h2 class=\"wp-block-heading\">Darb\u012bbas laiks<\/h2><ul class=\"wp-block-list\"><li>\u201cSUPREME Car Rent\u201d pie\u0146em <strong>rezerv\u0101cija un apkalpo klientus 24\/7<\/strong>, <strong>365 dienas gad\u0101<\/strong>.<\/li>\n\n<li>Nomas auto sa\u0146em\u0161ana Valsts Sv\u0113tku laik\u0101, <strong>Valsts sv\u0113tki<\/strong>, un <strong>papildu maksa<\/strong> var tikt piem\u0113rota. Pirms gal\u012bg\u0101 apstiprin\u0101juma j\u016bs tiksiet inform\u0113ti par prec\u012bz\u0101m \u0161\u0101da pakalpojuma izmaks\u0101m.<\/li><\/ul><p>Lai ieg\u016btu s\u012bk\u0101ku inform\u0101ciju par darba laiku un jebk\u0101d\u0101m papildu maks\u0101m par nov\u0113lotu sa\u0146em\u0161anu vai atgrie\u0161anu, ieteicams sazin\u0101ties tie\u0161i ar uz\u0146\u0113mumu. Tas nodro\u0161in\u0101s, ka pirms rezerv\u0101cijas pabeig\u0161anas jums ir visa nepiecie\u0161am\u0101 inform\u0101cija par iesp\u0113jam\u0101m maks\u0101m.<\/p><h2 class=\"wp-block-heading\">Vienvirziena nomas pakalpojums<\/h2><p>\u201cSUPREME Car Rent\u201d pied\u0101va <strong>Vienvirziena Nomas<\/strong> pakalpojumu ce\u013co\u0161anai ES un \u0160engenas zon\u0101.<\/p><h2 class=\"wp-block-heading\">Vienvirziena nomas maksa Baltijas valst\u012bs<\/h2><ul class=\"wp-block-list\"><li><strong>Latvija uz Igauniju<\/strong>: 155 EUR<\/li>\n\n<li><strong>Latvija uz Lietuvu<\/strong>: 155 EUR<\/li><\/ul><p>Transportl\u012bdzek\u013cu atgrie\u0161anai \u0101rpus Baltijas valst\u012bm maksa b\u016bs j\u0101vienojas individu\u0101li.<\/p><h2 class=\"wp-block-heading\">Papildinform\u0101cija<\/h2><ul class=\"wp-block-list\"><li>Visas piem\u0113rojam\u0101s nodevas un nodok\u013ci (piem\u0113ram, PVN, lidostas nodevas utt.) valst\u012b, kur\u0101 notiek noma, jau ir iek\u013cauti cenr\u0101d\u012b.<\/li><\/ul><p><strong>L\u016bdzu, \u0146emiet v\u0113r\u0101:<\/strong> Sv\u0101rst\u012bg\u0101 piepras\u012bjuma d\u0113\u013c da\u017eu papildu opciju cenas, veicot rezerv\u0101ciju tie\u0161saist\u0113, var at\u0161\u0137irties no noteikumiem un nosac\u012bjumiem. \u0160\u0101dos gad\u012bjumos cenas, kas nor\u0101d\u012btas tie\u0161saistes rezerv\u0101cijas proces\u0101, b\u016bs pareizas.<\/p>","protected":false},"excerpt":{"rendered":"<p>Latvija Maks\u0101jumi un iemaksas SUPREME Car Rent pie\u0146em gan bezskaidras naudas maks\u0101jumus (kred\u012btkartes\/debetkartes vai bankas p\u0101rskait\u012bjumu), gan skaidras naudas maks\u0101jumus (tikai EUR). Tie\u0161saistes maks\u0101jumiem dar\u012bjums tiek veikts eiro (EUR). Ja klienta karte nav izsniegta eiro, konvert\u0101cija uz eiro tiks veikta saska\u0146\u0101 ar val\u016btas mai\u0146as kursu, ko nosaka [...].<\/p>","protected":false},"author":1,"featured_media":0,"parent":0,"menu_order":0,"comment_status":"closed","ping_status":"closed","template":"","meta":{"footnotes":""},"class_list":["post-16935","page","type-page","status-publish","hentry"],"_links":{"self":[{"href":"https:\/\/supremecarrent.com\/lv\/wp-json\/wp\/v2\/pages\/16935","targetHints":{"allow":["GET"]}}],"collection":[{"href":"https:\/\/supremecarrent.com\/lv\/wp-json\/wp\/v2\/pages"}],"about":[{"href":"https:\/\/supremecarrent.com\/lv\/wp-json\/wp\/v2\/types\/page"}],"author":[{"embeddable":true,"href":"https:\/\/supremecarrent.com\/lv\/wp-json\/wp\/v2\/users\/1"}],"replies":[{"embeddable":true,"href":"https:\/\/supremecarrent.com\/lv\/wp-json\/wp\/v2\/comments?post=16935"}],"version-history":[{"count":3,"href":"https:\/\/supremecarrent.com\/lv\/wp-json\/wp\/v2\/pages\/16935\/revisions"}],"predecessor-version":[{"id":28804,"href":"https:\/\/supremecarrent.com\/lv\/wp-json\/wp\/v2\/pages\/16935\/revisions\/28804"}],"wp:attachment":[{"href":"https:\/\/supremecarrent.com\/lv\/wp-json\/wp\/v2\/media?parent=16935"}],"curies":[{"name":"wp","href":"https:\/\/api.w.org\/{rel}","templated":true}]}}